{"id":582,"date":"2023-06-01T12:49:28","date_gmt":"2023-06-01T10:49:28","guid":{"rendered":"https:\/\/www.smartso.net\/accesibilidad\/"},"modified":"2024-09-06T09:50:19","modified_gmt":"2024-09-06T07:50:19","slug":"accesibilidad","status":"publish","type":"page","link":"https:\/\/www.smartso.net\/es\/accesibilidad\/","title":{"rendered":"Accesibilidad"},"content":{"rendered":"<section class=\"l-section wpb_row height_custom\"><div class=\"l-section-h i-cf\"><div class=\"g-cols vc_row via_grid cols_1 laptops-cols_inherit tablets-cols_inherit mobiles-cols_1 valign_top type_default stacking_default\"><div class=\"wpb_column vc_column_container\"><div class=\"vc_column-inner\"><div class=\"wpb_text_column\"><div class=\"wpb_wrapper\"><h1>Accesibilidad<\/h1>\n<h2>DECLARACI\u00d3N DE ACCESIBILIDAD<\/h2>\n<p> smartso.net se ha comprometido a hacer accesible su sitio web, de conformidad con el Real Decreto 1112\/2018, de 7 de septiembre, sobre accesibilidad de los sitios web y aplicaciones para dispositivos m\u00f3viles del sector p\u00fablico. Esta declaraci\u00f3n de accesibilidad se aplica al sitio web smartso.net <\/p>\n<h3>Situaci\u00f3n de cumplimiento<\/h3>\n<p> Este sitio web es parcialmente conforme al Real decreto 1112\/2018, de 7 de septiembre, debido a la falta de conformidad de los aspectos que se indican a continuaci\u00f3n. <\/p>\n<h3>Contenido no accesible<\/h3>\n<p> El contenido que se recoge a continuaci\u00f3n no es accesible por lo siguiente: <\/p>\n<ul>\n<li>Carece de conformidad con el Real Decreto 1112\/2018, de 7 de septiembre: podr\u00edan existir errores puntuales de edici\u00f3n en alguna p\u00e1gina web, tanto en contenidos HTML como en documentos finales, publicados en fecha posterior al 20 de septiembre de 2018 (fecha de entrada en vigor del Real Decreto 1112\/2018, de 7 de septiembre). Concretamente puede haber errores en aquellos documentos que contienen gr\u00e1ficos, tablas complejas o contenido publicado mediante herramientas autogestionables. Asimismo podr\u00edan existir errores en el control de las animaciones HTML.<\/li>\n<li>Carga desproporcionada: no se aplica.<\/li>\n<li>El contenido no entra en el \u00e1mbito de la legislaci\u00f3n aplicable: no aplica.<\/li>\n<\/ul>\n<h3>Preparaci\u00f3n de esta declaraci\u00f3n de accesibilidad<\/h3>\n<p> Esta declaraci\u00f3n fue preparada el 05 de septiembre de 2024. El m\u00e9todo empleado para preparar la declaraci\u00f3n ha sido una autoevaluaci\u00f3n realizada por la empresa proveedora de smartso.net. \u00daltima revisi\u00f3n de la declaraci\u00f3n: 05 de septiembre de 2024. <\/p>\n<h3>Observaciones y datos de contacto<\/h3>\n<p> Puede realizar comunicaciones sobre requisitos de accesibilidad (art\u00edculo 10.2.a) del Real decreto 1112\/2018, de 7 de septiembre) como, por ejemplo: <\/p>\n<ul>\n<li>Informar sobre cualquier posible incumplimiento por parte de este sitio web.<\/li>\n<li>Transmitir otras dificultades de acceso al contenido.<\/li>\n<li>Formular cualquier otra consulta o sugerencia de mejora relativa a la accesibilidad del sitio web.<\/li>\n<\/ul>\n<p> A trav\u00e9s de las siguientes v\u00edas: <\/p>\n<ul>\n<li>Correo electr\u00f3nico: toni@smartso.net<\/li>\n<li>Tel\u00e9fono: <span class=\"w-text-h\"><span class=\"w-text-value\">629 67 87 09<\/span><\/span>.<\/li>\n<\/ul>\n<p> Puede presentar: <\/p>\n<ul>\n<li>Una queja relativa al cumplimiento de los requisitos del RD 1112\/2018 o<\/li>\n<li>Una solicitud de informaci\u00f3n accesible relativa a:\n<ul>\n<li>contenidos que est\u00e1n excluidos del \u00e1mbito de aplicaci\u00f3n del RD 1112\/2018 seg\u00fan lo que establece el art\u00edculo 3, apartado 4<\/li>\n<li>o contenidos que est\u00e1n exentos del cumplimiento de los requisitos de accesibilidad para imponer una carga desproporcionada.<\/li>\n<\/ul>\n<\/li>\n<\/ul>\n<p> En la Solicitud de informaci\u00f3n accesible, deben concretarse, con toda claridad, los hechos, las razones y la petici\u00f3n que permitan constatar que se trata de una solicitud razonable y leg\u00edtima. Las comunicaciones, quejas y solicitudes de informaci\u00f3n accesibles ser\u00e1n recibidas y tratadas por smartso.net. <\/p>\n<h3>Procedimiento de aplicaci\u00f3n<\/h3>\n<p> Si una vez realizada una solicitud de informaci\u00f3n accesible o queja, \u00e9sta ha sido desestimada, no se estuviera de acuerdo con la decisi\u00f3n adoptada, o la respuesta no cumpliera los requisitos previstos en el art\u00edculo 12.5, la persona interesada puede iniciar una reclamaci\u00f3n. Igualmente podr\u00e1 iniciarse una reclamaci\u00f3n en caso de que haya transcurrido el plazo de veinte d\u00edas h\u00e1biles sin haber obtenido respuesta. La reclamaci\u00f3n puede ser presentada a trav\u00e9s del de la Instancia Gen\u00e9rica de la Sede electr\u00f3nica del Ministerio Ministerio de Asuntos Econ\u00f3micos y Transformaci\u00f3n Digital, as\u00ed como al resto de opciones recogidas en la Ley 39\/2015, de 1 de octubre, del Procedimiento Administrativo Com\u00fan de las administraciones p\u00fablicas. Las reclamaciones ser\u00e1n recibidas y tratadas por el Ministerio de Asuntos Econ\u00f3micos y Transformaci\u00f3n Digital. <\/p>\n<h3>Contenido opcional<\/h3>\n<p> La versi\u00f3n actualmente visible de este sitio web es de septiembre de 2024 y en esa fecha se hizo la revisi\u00f3n del nivel de accesibilidad vigente en ese momento. A partir de la fecha mencionada se llevan a cabo revisiones parciales diarias del contenido web nuevo o modificado, tanto de las plantillas como de las p\u00e1ginas y documentos finales publicados, a fin de asegurar el cumplimiento de los requerimientos de accesibilidad de la Norma UNE- EN 301549:2019, considerando las excepciones del Real Decreto 1112\/2018, de 7 de septiembre. Entre otras, se adoptan las siguientes medidas para facilitar la accesibilidad: <\/p>\n<ul>\n<li>Utilizaci\u00f3n de texto alternativo en las im\u00e1genes<\/li>\n<li>Separar el contenido de la presentaci\u00f3n mediante el uso de hojas de estilo (CSS).<\/li>\n<li>Estructurar y etiquetar correctamente el contenido de las p\u00e1ginas.<\/li>\n<li>Realizar una maquetaci\u00f3n mediante CSS y con un dise\u00f1o l\u00edquido para que se adapte a cualquier resoluci\u00f3n de pantalla.<\/li>\n<li>Utilizar un texto significativo en los enlaces.<\/li>\n<li>Evitar combinaciones de colores de poco contraste, evitando transmitir informaci\u00f3n s\u00f3lo a trav\u00e9s del color.<\/li>\n<li>Evitar el uso de JavaScript dentro de lo posible.<\/li>\n<li>Evitar el uso de marcos (frames).<\/li>\n<li>Uso de los est\u00e1ndares de W3C: HTML5, CSS 3.0, WAI AA.<\/li>\n<\/ul>\n<\/div><\/div><\/div><\/div><\/div><\/div><\/section>\n","protected":false},"excerpt":{"rendered":"Accesibilidad DECLARACI\u00d3N DE ACCESIBILIDAD smartso.net se ha comprometido a hacer accesible su sitio web, de conformidad con el Real Decreto 1112\/2018, de 7 de septiembre, sobre accesibilidad de los sitios web y aplicaciones para dispositivos m\u00f3viles del sector p\u00fablico. Esta declaraci\u00f3n de accesibilidad se aplica al sitio web smartso.net Situaci\u00f3n de cumplimiento Este sitio web...","protected":false},"author":1,"featured_media":0,"parent":0,"menu_order":0,"comment_status":"closed","ping_status":"closed","template":"","meta":{"_joinchat":[],"footnotes":""},"class_list":["post-582","page","type-page","status-publish","hentry"],"yoast_head":"<!-- This site is optimized with the Yoast SEO plugin v27.2 - https:\/\/yoast.com\/product\/yoast-seo-wordpress\/ -->\n<title>Accesibilidad - Smart So<\/title>\n<meta name=\"robots\" content=\"noindex, nofollow\" \/>\n<meta property=\"og:locale\" content=\"es_ES\" \/>\n<meta property=\"og:type\" content=\"article\" \/>\n<meta property=\"og:title\" content=\"Accesibilidad - Smart So\" \/>\n<meta property=\"og:url\" content=\"https:\/\/www.smartso.net\/es\/accesibilidad\/\" \/>\n<meta property=\"og:site_name\" content=\"Smart So\" \/>\n<meta property=\"article:modified_time\" content=\"2024-09-06T07:50:19+00:00\" \/>\n<script type=\"application\/ld+json\" class=\"yoast-schema-graph\">{\"@context\":\"https:\/\/schema.org\",\"@graph\":[{\"@type\":\"WebPage\",\"@id\":\"https:\/\/www.smartso.net\/es\/accesibilidad\/\",\"url\":\"https:\/\/www.smartso.net\/es\/accesibilidad\/\",\"name\":\"Accesibilidad - Smart So\",\"isPartOf\":{\"@id\":\"https:\/\/www.smartso.net\/#website\"},\"datePublished\":\"2023-06-01T10:49:28+00:00\",\"dateModified\":\"2024-09-06T07:50:19+00:00\",\"breadcrumb\":{\"@id\":\"https:\/\/www.smartso.net\/es\/accesibilidad\/#breadcrumb\"},\"inLanguage\":\"es\",\"potentialAction\":[{\"@type\":\"ReadAction\",\"target\":[\"https:\/\/www.smartso.net\/es\/accesibilidad\/\"]}]},{\"@type\":\"BreadcrumbList\",\"@id\":\"https:\/\/www.smartso.net\/es\/accesibilidad\/#breadcrumb\",\"itemListElement\":[{\"@type\":\"ListItem\",\"position\":1,\"name\":\"Inici\",\"item\":\"https:\/\/www.smartso.net\/es\/\"},{\"@type\":\"ListItem\",\"position\":2,\"name\":\"Accesibilidad\"}]},{\"@type\":\"WebSite\",\"@id\":\"https:\/\/www.smartso.net\/#website\",\"url\":\"https:\/\/www.smartso.net\/\",\"name\":\"Smart So\",\"description\":\"Centre d&#039;audiologia a Caldes de Montbui\",\"potentialAction\":[{\"@type\":\"SearchAction\",\"target\":{\"@type\":\"EntryPoint\",\"urlTemplate\":\"https:\/\/www.smartso.net\/?s={search_term_string}\"},\"query-input\":{\"@type\":\"PropertyValueSpecification\",\"valueRequired\":true,\"valueName\":\"search_term_string\"}}],\"inLanguage\":\"es\"}]}<\/script>\n<!-- \/ Yoast SEO plugin. -->","yoast_head_json":{"title":"Accesibilidad - Smart So","robots":{"index":"noindex","follow":"nofollow"},"og_locale":"es_ES","og_type":"article","og_title":"Accesibilidad - Smart So","og_url":"https:\/\/www.smartso.net\/es\/accesibilidad\/","og_site_name":"Smart So","article_modified_time":"2024-09-06T07:50:19+00:00","schema":{"@context":"https:\/\/schema.org","@graph":[{"@type":"WebPage","@id":"https:\/\/www.smartso.net\/es\/accesibilidad\/","url":"https:\/\/www.smartso.net\/es\/accesibilidad\/","name":"Accesibilidad - Smart So","isPartOf":{"@id":"https:\/\/www.smartso.net\/#website"},"datePublished":"2023-06-01T10:49:28+00:00","dateModified":"2024-09-06T07:50:19+00:00","breadcrumb":{"@id":"https:\/\/www.smartso.net\/es\/accesibilidad\/#breadcrumb"},"inLanguage":"es","potentialAction":[{"@type":"ReadAction","target":["https:\/\/www.smartso.net\/es\/accesibilidad\/"]}]},{"@type":"BreadcrumbList","@id":"https:\/\/www.smartso.net\/es\/accesibilidad\/#breadcrumb","itemListElement":[{"@type":"ListItem","position":1,"name":"Inici","item":"https:\/\/www.smartso.net\/es\/"},{"@type":"ListItem","position":2,"name":"Accesibilidad"}]},{"@type":"WebSite","@id":"https:\/\/www.smartso.net\/#website","url":"https:\/\/www.smartso.net\/","name":"Smart So","description":"Centre d&#039;audiologia a Caldes de Montbui","potentialAction":[{"@type":"SearchAction","target":{"@type":"EntryPoint","urlTemplate":"https:\/\/www.smartso.net\/?s={search_term_string}"},"query-input":{"@type":"PropertyValueSpecification","valueRequired":true,"valueName":"search_term_string"}}],"inLanguage":"es"}]}},"_links":{"self":[{"href":"https:\/\/www.smartso.net\/es\/wp-json\/wp\/v2\/pages\/582","targetHints":{"allow":["GET"]}}],"collection":[{"href":"https:\/\/www.smartso.net\/es\/wp-json\/wp\/v2\/pages"}],"about":[{"href":"https:\/\/www.smartso.net\/es\/wp-json\/wp\/v2\/types\/page"}],"author":[{"embeddable":true,"href":"https:\/\/www.smartso.net\/es\/wp-json\/wp\/v2\/users\/1"}],"replies":[{"embeddable":true,"href":"https:\/\/www.smartso.net\/es\/wp-json\/wp\/v2\/comments?post=582"}],"version-history":[{"count":7,"href":"https:\/\/www.smartso.net\/es\/wp-json\/wp\/v2\/pages\/582\/revisions"}],"predecessor-version":[{"id":1119,"href":"https:\/\/www.smartso.net\/es\/wp-json\/wp\/v2\/pages\/582\/revisions\/1119"}],"wp:attachment":[{"href":"https:\/\/www.smartso.net\/es\/wp-json\/wp\/v2\/media?parent=582"}],"curies":[{"name":"wp","href":"https:\/\/api.w.org\/{rel}","templated":true}]}}