{"id":592,"date":"2023-05-30T11:40:15","date_gmt":"2023-05-30T09:40:15","guid":{"rendered":"https:\/\/www.smartso.net\/contacto\/"},"modified":"2024-06-17T15:59:29","modified_gmt":"2024-06-17T13:59:29","slug":"contacto","status":"publish","type":"page","link":"https:\/\/www.smartso.net\/es\/contacto\/","title":{"rendered":"Contacto"},"content":{"rendered":"<section class=\"l-section wpb_row us_custom_e11ab399 height_custom\"><div class=\"l-section-h i-cf\"><div class=\"g-cols vc_row via_grid cols_2 laptops-cols_inherit tablets-cols_inherit mobiles-cols_1 valign_top type_default stacking_default\"><div class=\"wpb_column vc_column_container\"><div class=\"vc_column-inner\"><h2 class=\"w-text\"><span class=\"w-text-h\"><span class=\"w-text-value\">\u00bfSabes que de media se tarda 7 a\u00f1os en tomar la decisi\u00f3n que has tomado?<\/span><\/span><\/h2><div class=\"wpb_text_column\"><div class=\"wpb_wrapper\"><p>Estoy listo para escucharte y acompa\u00f1arte, juntos recuperaremos tu felicidad auditiva.<\/p>\n<p>Todas las dudas que puedas tener te las resolver\u00e9 y cumpliremos con las mejores expectativas.<\/p>\n<p>Gracias por brindarme tu confianza.<\/p>\n<p><strong>Pide cita por <a href=\"https:\/\/wa.me\/34629678709\" target=\"_blank\" rel=\"noopener\"><i class=\"fab fa-whatsapp\"><\/i> Whatsapp<\/a><\/strong><\/p>\n<p>Gracias por confiar en Smart So, tu audici\u00f3n.<\/p>\n<\/div><\/div><\/div><\/div><div class=\"wpb_column vc_column_container\"><div class=\"vc_column-inner\"><h2 class=\"w-text us_custom_b4198c51\"><span class=\"w-text-h\"><span class=\"w-text-value\">Puedes contactar a trav\u00e9s del tel\u00e9fono, Whatsapp o e-mail o rellenando este formulario.<\/span><\/span><\/h2><form class=\"w-form  us-field-style_1 layout_ver show_message_after_sending for_cform us_form_1\" action=\"https:\/\/www.smartso.net\/es\/wp-json\/wp\/v2\/pages\/592\" method=\"post\"><div class=\"w-form-h\"><div class=\"w-form-row for_text required\">\r\n\t\t<div class=\"w-form-row-field\">\r\n\t\t\t\t\t\t<input aria-label=\"Nombre\" type=\"text\" name=\"us_form_1_text_1\" value placeholder=\"Nombre *\" data-required=\"true\" aria-required=\"true\"\/>\r\n\t\t\t<\/div>\r\n\t\t<div class=\"w-form-row-state\">Rellena este campo<\/div>\r\n<\/div>\r\n<div class=\"w-form-row for_email required\">\r\n\t\t<div class=\"w-form-row-field\">\r\n\t\t\t\t\t\t<input aria-label=\"Correo electr\u00f3nico\" type=\"email\" name=\"us_form_1_email_1\" value placeholder=\"Correo electr\u00f3nico *\" data-required=\"true\" aria-required=\"true\"\/>\r\n\t\t\t<\/div>\r\n\t\t<div class=\"w-form-row-state\">Por favor, introduce una direcci\u00f3n de correo electr\u00f3nico v\u00e1lida.<\/div>\r\n<\/div>\r\n<div class=\"w-form-row for_textarea\">\r\n\t\t<div class=\"w-form-row-field\">\r\n\t\t\t\t\t\t<textarea aria-label=\"Mensaje\" name=\"us_form_1_textarea_1\" placeholder=\"Mensaje\"><\/textarea>\r\n\t\t\t<\/div>\r\n\t\t<div class=\"w-form-row-state\">Rellena este campo<\/div>\r\n<\/div>\r\n<div class=\"w-form-row for_agreement required\">\r\n\t\t<div class=\"w-form-row-field\">\r\n\t\t\t\t<label>\r\n\t\t\t<input type=\"checkbox\" value=\"1\" data-required=\"true\" aria-required=\"true\" name=\"us_form_1_agreement_1\"\/>\r\n\t\t\t<span>Doy mi consentimiento para el tratamiento de mis datos personales. He le\u00eddo y acepto la <a href=\"https:\/\/www.smartso.net\/es\/politica-de-privacidad\/\">pol\u00edtica de privacidad<\/a>.*<\/span>\r\n\t\t<\/label>\r\n\t\t\t<\/div>\r\n\t\t<div class=\"w-form-row-state\">Debe aceptar la pol\u00edtica para continuar<\/div>\r\n<\/div>\r\n<div class=\"w-form-row for_captcha required\">\r\n\t<div class=\"w-form-row-label\">\r\n\t\t<span> <span>30 - 11 = ?<\/span><\/span>\r\n\t<\/div>\r\n\t<div class=\"w-form-row-field\">\r\n\t\t\t\t<input type=\"hidden\" name=\"us_form_1_captcha_1_hash\" value=\"aa1350963f18bf63a057e016fa9f58ef\" \/>\r\n\t\t\t\t<input aria-label=\"us_form_1_captcha_1\" type=\"text\" name=\"us_form_1_captcha_1\" placeholder data-required=\"true\" aria-required=\"true\"\/>\r\n\t\t\t<\/div>\r\n\t\t<div class=\"w-form-row-state\">Introduzca el resultado de la ecuaci\u00f3n para continuar<\/div>\r\n<\/div>\r\n<input type=\"hidden\" name=\"action\" value=\"us_ajax_cform\" \/>\r\n<input type=\"hidden\" name=\"post_id\" value=\"0\" \/>\r\n<input type=\"hidden\" name=\"form_index\" value=\"1\" \/>\r\n<div class=\"w-form-row for_submit align_none\"><button class=\"w-btn us-btn-style_1\" type=\"submit\" aria-label=\"Enviar\"><span class=\"g-preloader type_1\"><\/span><span class=\"w-btn-label\">Enviar<\/span><\/button><\/div><\/div><div class=\"w-form-message\"><\/div><div class=\"w-form-json hidden\" onclick='return {&quot;ajaxurl&quot;:&quot;https:\\\/\\\/www.smartso.net\\\/wp-admin\\\/admin-ajax.php&quot;,&quot;messages&quot;:{&quot;err_empty&quot;:&quot;Rellena este campo&quot;,&quot;err_size&quot;:&quot;File size cannot exceed %s MB&quot;,&quot;err_extension&quot;:&quot;%s file type is not allowed&quot;,&quot;err_recaptcha_keys&quot;:&quot;reCAPTCHA keys are incorrect&quot;}}'><\/div><\/form><\/div><\/div><\/div><\/div><\/section><section class=\"l-section wpb_row height_custom\"><div class=\"l-section-h i-cf\"><div class=\"g-cols vc_row via_grid cols_1 laptops-cols_inherit tablets-cols_inherit mobiles-cols_1 valign_top type_default stacking_default\"><div class=\"wpb_column vc_column_container\"><div class=\"vc_column-inner\"><h2 class=\"w-text\"><span class=\"w-text-h\"><span class=\"w-text-value\">Nos puedes encontrar en<\/span><\/span><\/h2><div class=\"w-html us_custom_d53e443f\"><iframe src=\"https:\/\/www.google.com\/maps\/embed?pb=!1m14!1m8!1m3!1d11928.929548496013!2d2.1655113!3d41.6291081!3m2!1i1024!2i768!4f13.1!3m3!1m2!1s0x12a4c1d4e9bb8043:0x48745ad72f079929!2sSmart So Centre Auditiu!5e0!3m2!1ses!2ses!4v1685523043769!5m2!1ses!2ses\" width=\"900px\" height=\"400px\" style=\"border-radius:0.3rem;\" allowfullscreen=\"\" loading=\"lazy\" referrerpolicy=\"no-referrer-when-downgrade\"><\/iframe><\/div><\/div><\/div><\/div><\/div><\/section>\n","protected":false},"excerpt":{"rendered":"\u00bfSabes que de media se tarda 7 a\u00f1os en tomar la decisi\u00f3n que has tomado?Estoy listo para escucharte y acompa\u00f1arte, juntos recuperaremos tu felicidad auditiva. Todas las dudas que puedas tener te las resolver\u00e9 y cumpliremos con las mejores expectativas. Gracias por brindarme tu confianza. Pide cita por Whatsapp Gracias por confiar en Smart So,...","protected":false},"author":1,"featured_media":0,"parent":0,"menu_order":0,"comment_status":"closed","ping_status":"closed","template":"","meta":{"_joinchat":[],"footnotes":""},"class_list":["post-592","page","type-page","status-publish","hentry"],"yoast_head":"<!-- This site is optimized with the Yoast SEO plugin v27.2 - https:\/\/yoast.com\/product\/yoast-seo-wordpress\/ -->\n<title>Contacto - Smart So<\/title>\n<meta name=\"description\" content=\"Cu\u00e9ntanos tu caso, te ayudaremos a encontrar la mejor soluci\u00f3n ya que puedas recuperar tu felicidad auditiva.\" \/>\n<meta name=\"robots\" content=\"index, follow, max-snippet:-1, max-image-preview:large, max-video-preview:-1\" \/>\n<link rel=\"canonical\" href=\"https:\/\/www.smartso.net\/es\/contacto\/\" \/>\n<meta property=\"og:locale\" content=\"es_ES\" \/>\n<meta property=\"og:type\" content=\"article\" \/>\n<meta property=\"og:title\" content=\"Contacto - Smart So\" \/>\n<meta property=\"og:description\" content=\"Cu\u00e9ntanos tu caso, te ayudaremos a encontrar la mejor soluci\u00f3n ya que puedas recuperar tu felicidad auditiva.\" \/>\n<meta property=\"og:url\" content=\"https:\/\/www.smartso.net\/es\/contacto\/\" \/>\n<meta property=\"og:site_name\" content=\"Smart So\" \/>\n<meta property=\"article:modified_time\" content=\"2024-06-17T13:59:29+00:00\" \/>\n<script type=\"application\/ld+json\" class=\"yoast-schema-graph\">{\"@context\":\"https:\/\/schema.org\",\"@graph\":[{\"@type\":\"WebPage\",\"@id\":\"https:\/\/www.smartso.net\/es\/contacto\/\",\"url\":\"https:\/\/www.smartso.net\/es\/contacto\/\",\"name\":\"Contacto - Smart So\",\"isPartOf\":{\"@id\":\"https:\/\/www.smartso.net\/#website\"},\"datePublished\":\"2023-05-30T09:40:15+00:00\",\"dateModified\":\"2024-06-17T13:59:29+00:00\",\"description\":\"Cu\u00e9ntanos tu caso, te ayudaremos a encontrar la mejor soluci\u00f3n ya que puedas recuperar tu felicidad auditiva.\",\"breadcrumb\":{\"@id\":\"https:\/\/www.smartso.net\/es\/contacto\/#breadcrumb\"},\"inLanguage\":\"es\",\"potentialAction\":[{\"@type\":\"ReadAction\",\"target\":[\"https:\/\/www.smartso.net\/es\/contacto\/\"]}]},{\"@type\":\"BreadcrumbList\",\"@id\":\"https:\/\/www.smartso.net\/es\/contacto\/#breadcrumb\",\"itemListElement\":[{\"@type\":\"ListItem\",\"position\":1,\"name\":\"Inici\",\"item\":\"https:\/\/www.smartso.net\/es\/\"},{\"@type\":\"ListItem\",\"position\":2,\"name\":\"Contacto\"}]},{\"@type\":\"WebSite\",\"@id\":\"https:\/\/www.smartso.net\/#website\",\"url\":\"https:\/\/www.smartso.net\/\",\"name\":\"Smart So\",\"description\":\"Centre d&#039;audiologia a Caldes de Montbui\",\"potentialAction\":[{\"@type\":\"SearchAction\",\"target\":{\"@type\":\"EntryPoint\",\"urlTemplate\":\"https:\/\/www.smartso.net\/?s={search_term_string}\"},\"query-input\":{\"@type\":\"PropertyValueSpecification\",\"valueRequired\":true,\"valueName\":\"search_term_string\"}}],\"inLanguage\":\"es\"}]}<\/script>\n<!-- \/ Yoast SEO plugin. -->","yoast_head_json":{"title":"Contacto - Smart So","description":"Cu\u00e9ntanos tu caso, te ayudaremos a encontrar la mejor soluci\u00f3n ya que puedas recuperar tu felicidad auditiva.","robots":{"index":"index","follow":"follow","max-snippet":"max-snippet:-1","max-image-preview":"max-image-preview:large","max-video-preview":"max-video-preview:-1"},"canonical":"https:\/\/www.smartso.net\/es\/contacto\/","og_locale":"es_ES","og_type":"article","og_title":"Contacto - Smart So","og_description":"Cu\u00e9ntanos tu caso, te ayudaremos a encontrar la mejor soluci\u00f3n ya que puedas recuperar tu felicidad auditiva.","og_url":"https:\/\/www.smartso.net\/es\/contacto\/","og_site_name":"Smart So","article_modified_time":"2024-06-17T13:59:29+00:00","schema":{"@context":"https:\/\/schema.org","@graph":[{"@type":"WebPage","@id":"https:\/\/www.smartso.net\/es\/contacto\/","url":"https:\/\/www.smartso.net\/es\/contacto\/","name":"Contacto - Smart So","isPartOf":{"@id":"https:\/\/www.smartso.net\/#website"},"datePublished":"2023-05-30T09:40:15+00:00","dateModified":"2024-06-17T13:59:29+00:00","description":"Cu\u00e9ntanos tu caso, te ayudaremos a encontrar la mejor soluci\u00f3n ya que puedas recuperar tu felicidad auditiva.","breadcrumb":{"@id":"https:\/\/www.smartso.net\/es\/contacto\/#breadcrumb"},"inLanguage":"es","potentialAction":[{"@type":"ReadAction","target":["https:\/\/www.smartso.net\/es\/contacto\/"]}]},{"@type":"BreadcrumbList","@id":"https:\/\/www.smartso.net\/es\/contacto\/#breadcrumb","itemListElement":[{"@type":"ListItem","position":1,"name":"Inici","item":"https:\/\/www.smartso.net\/es\/"},{"@type":"ListItem","position":2,"name":"Contacto"}]},{"@type":"WebSite","@id":"https:\/\/www.smartso.net\/#website","url":"https:\/\/www.smartso.net\/","name":"Smart So","description":"Centre d&#039;audiologia a Caldes de Montbui","potentialAction":[{"@type":"SearchAction","target":{"@type":"EntryPoint","urlTemplate":"https:\/\/www.smartso.net\/?s={search_term_string}"},"query-input":{"@type":"PropertyValueSpecification","valueRequired":true,"valueName":"search_term_string"}}],"inLanguage":"es"}]}},"_links":{"self":[{"href":"https:\/\/www.smartso.net\/es\/wp-json\/wp\/v2\/pages\/592","targetHints":{"allow":["GET"]}}],"collection":[{"href":"https:\/\/www.smartso.net\/es\/wp-json\/wp\/v2\/pages"}],"about":[{"href":"https:\/\/www.smartso.net\/es\/wp-json\/wp\/v2\/types\/page"}],"author":[{"embeddable":true,"href":"https:\/\/www.smartso.net\/es\/wp-json\/wp\/v2\/users\/1"}],"replies":[{"embeddable":true,"href":"https:\/\/www.smartso.net\/es\/wp-json\/wp\/v2\/comments?post=592"}],"version-history":[{"count":6,"href":"https:\/\/www.smartso.net\/es\/wp-json\/wp\/v2\/pages\/592\/revisions"}],"predecessor-version":[{"id":1114,"href":"https:\/\/www.smartso.net\/es\/wp-json\/wp\/v2\/pages\/592\/revisions\/1114"}],"wp:attachment":[{"href":"https:\/\/www.smartso.net\/es\/wp-json\/wp\/v2\/media?parent=592"}],"curies":[{"name":"wp","href":"https:\/\/api.w.org\/{rel}","templated":true}]}}