{"id":595,"date":"2023-05-26T12:51:31","date_gmt":"2023-05-26T10:51:31","guid":{"rendered":"https:\/\/www.smartso.net\/tu-audifono\/"},"modified":"2023-07-13T14:42:15","modified_gmt":"2023-07-13T12:42:15","slug":"tu-audifono","status":"publish","type":"page","link":"https:\/\/www.smartso.net\/es\/tu-audifono\/","title":{"rendered":"Tu aud\u00edfono"},"content":{"rendered":"<section class=\"l-section wpb_row height_custom with_img\"><div class=\"l-section-img\" role=\"img\" aria-label=\"Parella de mitjana edat corrent per la platja\" data-img-width=\"2419\" data-img-height=\"1174\" style=\"background-image: url(https:\/\/www.smartso.net\/wp-content\/uploads\/2023\/06\/el-teu-audiofon-1.jpg);background-repeat: no-repeat;\"><\/div><div class=\"l-section-overlay\" style=\"background:var(--color-content-overlay)\"><\/div><div class=\"l-section-h i-cf\"><div class=\"g-cols vc_row via_grid cols_1 laptops-cols_inherit tablets-cols_inherit mobiles-cols_1 valign_top type_default stacking_default\"><div class=\"wpb_column vc_column_container\"><div class=\"vc_column-inner\"><div class=\"g-cols wpb_row via_grid cols_2-1 laptops-cols_inherit tablets-cols_inherit mobiles-cols_1 valign_top type_default stacking_default\" style=\"--columns-gap:3rem;\"><div class=\"wpb_column vc_column_container\"><div class=\"vc_column-inner\"><h1 class=\"w-post-elm post_title us_custom_3fb96a03 has_text_color entry-title color_link_inherit\">Tu aud\u00edfono<\/h1><div class=\"wpb_text_column us_custom_ba6721b4 has_text_color\"><div class=\"wpb_wrapper\"><p>\u00bfEres deportista o prefieres disfrutar del tiempo libre descansando en casa? \u00bfSales a menudo y tienes mucha vida social? La respuesta a estas preguntas ayudar\u00e1n a definir qu\u00e9 aud\u00edfono se adaptar\u00e1 mejor a ti. Prep\u00e1rate para adentrarte en el mundo de la audiolog\u00eda, una tecnolog\u00eda en constante evoluci\u00f3n que tiene el objetivo de mejorar tu calidad de vida y hacer que puedas disfrutar plenamente con los cinco centitos<\/p>\n<\/div><\/div><\/div><\/div><div class=\"wpb_column vc_column_container\"><div class=\"vc_column-inner\"><\/div><\/div><\/div><\/div><\/div><\/div><\/div><\/section><section class=\"l-section wpb_row height_custom\"><div class=\"l-section-h i-cf\"><div class=\"g-cols vc_row via_grid cols_2 laptops-cols_inherit tablets-cols_inherit mobiles-cols_1 valign_top type_default stacking_default\"><div class=\"wpb_column vc_column_container\"><div class=\"vc_column-inner\"><h6 class=\"w-text\"><span class=\"w-text-h\"><span class=\"w-text-value\">Gen\u00e9ricamente los aud\u00edfonos se clasifican en tres formatos principales:<\/span><\/span><\/h6><div class=\"w-separator size_custom\" style=\"height:15px\"><\/div><div class=\"w-tabs style_default switch_click accordion has_scrolling\" style=\"--sections-title-size:inherit\"><div class=\"w-tabs-sections titles-align_none icon_chevron cpos_right\"><div class=\"w-tabs-section\" id=\"q9df\"><button class=\"w-tabs-section-header\" aria-controls=\"content-q9df\" aria-expanded=\"false\"><div class=\"w-tabs-section-title\">Intrauriculares<\/div><div class=\"w-tabs-section-control\"><\/div><\/button><div  class=\"w-tabs-section-content\" id=\"content-q9df\"><div class=\"w-tabs-section-content-h i-cf\"><div class=\"g-cols wpb_row via_grid cols_2 laptops-cols_inherit tablets-cols_inherit mobiles-cols_1 valign_top type_default stacking_default\" style=\"--columns-gap:3rem;\"><div class=\"wpb_column vc_column_container\"><div class=\"vc_column-inner\"><div class=\"wpb_text_column\"><div class=\"wpb_wrapper\"><p>Son los aud\u00edfonos que van enteros dentro del o\u00eddo, son personalizados con la forma individual de tus propios conductas auditivos. Este formato tiene algunos subgrupos: ITC dentro del conducto, CIC completamente dentro del conducto e IIC invisibles dentro del conducto. Si buscas la est\u00e9tica y la discreci\u00f3n son el m\u00e1ximo exponente.<\/p>\n<\/div><\/div><\/div><\/div><div class=\"wpb_column vc_column_container\"><div class=\"vc_column-inner\"><div class=\"w-hwrapper valign_top align_center\" style=\"--hwrapper-gap:1.20rem\"><div class=\"w-image us_custom_140de085 has_height align_none\"><div class=\"w-image-h\"><img decoding=\"async\" width=\"1000\" height=\"841\" src=\"https:\/\/www.smartso.net\/wp-content\/uploads\/2023\/05\/intrauricular.png\" class=\"attachment-large size-large\" alt=\"audiofon intrauriculars\" loading=\"lazy\" srcset=\"https:\/\/www.smartso.net\/wp-content\/uploads\/2023\/05\/intrauricular.png 1000w, https:\/\/www.smartso.net\/wp-content\/uploads\/2023\/05\/intrauricular-300x252.png 300w\" sizes=\"auto, (max-width: 1000px) 100vw, 1000px\" \/><\/div><\/div><\/div><\/div><\/div><\/div><\/div><\/div><\/div><div class=\"w-tabs-section\" id=\"r373\"><button class=\"w-tabs-section-header\" aria-controls=\"content-r373\" aria-expanded=\"false\"><div class=\"w-tabs-section-title\">Retroauriculares<\/div><div class=\"w-tabs-section-control\"><\/div><\/button><div  class=\"w-tabs-section-content\" id=\"content-r373\"><div class=\"w-tabs-section-content-h i-cf\"><div class=\"g-cols wpb_row via_grid cols_2 laptops-cols_inherit tablets-cols_inherit mobiles-cols_1 valign_top type_default stacking_default\" style=\"--columns-gap:3rem;\"><div class=\"wpb_column vc_column_container\"><div class=\"vc_column-inner\"><div class=\"wpb_text_column\"><div class=\"wpb_wrapper\"><p>Aud\u00edfonos que van detr\u00e1s del o\u00eddo y el auricular dentro. El cuerpo principal (donde est\u00e1n los micr\u00f3fonos, el procesador y la bater\u00eda o pila) est\u00e1 en el exterior, \u00fanicamente el auricular que es por donde sale el sonido est\u00e1 alojado en el o\u00eddo con un tulip\u00e1n o bien un molde personalizado hecho a medida.<\/p>\n<\/div><\/div><\/div><\/div><div class=\"wpb_column vc_column_container\"><div class=\"vc_column-inner\"><div class=\"w-image align_none\"><div class=\"w-image-h\"><img decoding=\"async\" width=\"750\" height=\"400\" src=\"https:\/\/www.smartso.net\/wp-content\/uploads\/2023\/05\/intraauricular.png\" class=\"attachment-large size-large\" alt=\"audiofons intraauricular\" loading=\"lazy\" srcset=\"https:\/\/www.smartso.net\/wp-content\/uploads\/2023\/05\/intraauricular.png 750w, https:\/\/www.smartso.net\/wp-content\/uploads\/2023\/05\/intraauricular-300x160.png 300w\" sizes=\"auto, (max-width: 750px) 100vw, 750px\" \/><\/div><\/div><\/div><\/div><\/div><\/div><\/div><\/div><div class=\"w-tabs-section\" id=\"pdf0\"><button class=\"w-tabs-section-header\" aria-controls=\"content-pdf0\" aria-expanded=\"false\"><div class=\"w-tabs-section-title\">Potentes<\/div><div class=\"w-tabs-section-control\"><\/div><\/button><div  class=\"w-tabs-section-content\" id=\"content-pdf0\"><div class=\"w-tabs-section-content-h i-cf\"><div class=\"g-cols wpb_row via_grid cols_2 laptops-cols_inherit tablets-cols_inherit mobiles-cols_1 valign_top type_default stacking_default\" style=\"--columns-gap:3rem;\"><div class=\"wpb_column vc_column_container\"><div class=\"vc_column-inner\"><div class=\"wpb_text_column\"><div class=\"wpb_wrapper\"><p>Aud\u00edfonos que van tambi\u00e9n detr\u00e1s del o\u00eddo, en este caso todos los componentes principales est\u00e1n en el aud\u00edfono y el sonido sale a trav\u00e9s de un tubo conectado a un molde personalizado que se coloca dentro del conducto auditivo.<\/p>\n<\/div><\/div><\/div><\/div><div class=\"wpb_column vc_column_container\"><div class=\"vc_column-inner\"><div class=\"w-hwrapper valign_top align_center\" style=\"--hwrapper-gap:1.20rem\"><div class=\"w-image us_custom_ad0f428d align_none\"><div class=\"w-image-h\"><img decoding=\"async\" width=\"600\" height=\"600\" src=\"https:\/\/www.smartso.net\/wp-content\/uploads\/2023\/05\/audiofon-potent.png\" class=\"attachment-large size-large\" alt=\"audiofon potent\" loading=\"lazy\" srcset=\"https:\/\/www.smartso.net\/wp-content\/uploads\/2023\/05\/audiofon-potent.png 600w, https:\/\/www.smartso.net\/wp-content\/uploads\/2023\/05\/audiofon-potent-300x300.png 300w, https:\/\/www.smartso.net\/wp-content\/uploads\/2023\/05\/audiofon-potent-150x150.png 150w\" sizes=\"auto, (max-width: 600px) 100vw, 600px\" \/><\/div><\/div><\/div><\/div><\/div><\/div><\/div><\/div><\/div><\/div><\/div><div class=\"w-separator size_medium\"><\/div><div class=\"wpb_text_column us_custom_9a789e68\"><div class=\"wpb_wrapper\"><h4>Carga<\/h4>\n<h6 style=\"font-size: 1.3rem; color: black;\">Con pila<\/h6>\n<p>Hasta hace unos a\u00f1os eran los m\u00e1s utilizados, para su funcionamiento utilizan pilas zinc aire de 1.45v.<\/p>\n<h6 style=\"font-size: 1.3rem; color: black;\">Recargable<\/h6>\n<p>Actualmente se utilizan m\u00e1s los que llevan una bater\u00eda recargable, son m\u00e1s respetuosos con el medio ambiente<\/p>\n<\/div><\/div><div class=\"w-separator size_medium\"><\/div><h6 class=\"w-text\"><span class=\"w-text-h\"><span class=\"w-text-value\">Por lo que respecta a la tecnolog\u00eda, encontramos diferentes gamas de productos.<\/span><\/span><\/h6><p class=\"w-text\"><span class=\"w-text-h\"><span class=\"w-text-value\">Cada fabricante las llama de forma diferente, pero sus caracter\u00edsticas son muy similares.<\/span><\/span><\/p><div class=\"w-separator size_custom\" style=\"height:15px\"><\/div><div class=\"w-tabs style_default switch_click accordion has_scrolling\" style=\"--sections-title-size:inherit\"><div class=\"w-tabs-sections titles-align_none icon_chevron cpos_right\"><div class=\"w-tabs-section\" id=\"f0d6\"><button class=\"w-tabs-section-header\" aria-controls=\"content-f0d6\" aria-expanded=\"false\"><div class=\"w-tabs-section-title\">B\u00e1sica<\/div><div class=\"w-tabs-section-control\"><\/div><\/button><div  class=\"w-tabs-section-content\" id=\"content-f0d6\"><div class=\"w-tabs-section-content-h i-cf\"><div class=\"g-cols wpb_row via_grid cols_1 laptops-cols_inherit tablets-cols_inherit mobiles-cols_1 valign_top type_default stacking_default\" style=\"--columns-gap:3rem;\"><div class=\"wpb_column vc_column_container\"><div class=\"vc_column-inner\"><div class=\"wpb_text_column\"><div class=\"wpb_wrapper\"><p>Nos ayuda a mejorar la comprensi\u00f3n en conversaciones con pocas personas en espacios cerrados.<\/p>\n<\/div><\/div><\/div><\/div><\/div><\/div><\/div><\/div><div class=\"w-tabs-section\" id=\"g825\"><button class=\"w-tabs-section-header\" aria-controls=\"content-g825\" aria-expanded=\"false\"><div class=\"w-tabs-section-title\">Est\u00e1ndar<\/div><div class=\"w-tabs-section-control\"><\/div><\/button><div  class=\"w-tabs-section-content\" id=\"content-g825\"><div class=\"w-tabs-section-content-h i-cf\"><div class=\"g-cols wpb_row via_grid cols_1 laptops-cols_inherit tablets-cols_inherit mobiles-cols_1 valign_top type_default stacking_default\" style=\"--columns-gap:3rem;\"><div class=\"wpb_column vc_column_container\"><div class=\"vc_column-inner\"><div class=\"wpb_text_column\"><div class=\"wpb_wrapper\"><p>Nos ayuda a mejorar la comprensi\u00f3n en conversaciones grupales, tanto en espacios abiertos como cerrados.<\/p>\n<\/div><\/div><\/div><\/div><\/div><\/div><\/div><\/div><div class=\"w-tabs-section\" id=\"hfa8\"><button class=\"w-tabs-section-header\" aria-controls=\"content-hfa8\" aria-expanded=\"false\"><div class=\"w-tabs-section-title\">Avanzada<\/div><div class=\"w-tabs-section-control\"><\/div><\/button><div  class=\"w-tabs-section-content\" id=\"content-hfa8\"><div class=\"w-tabs-section-content-h i-cf\"><div class=\"g-cols wpb_row via_grid cols_1 laptops-cols_inherit tablets-cols_inherit mobiles-cols_1 valign_top type_default stacking_default\" style=\"--columns-gap:3rem;\"><div class=\"wpb_column vc_column_container\"><div class=\"vc_column-inner\"><div class=\"wpb_text_column\"><div class=\"wpb_wrapper\"><p>Nos ayuda a mejorar la comprensi\u00f3n en conversaciones grupales en ambientes complejos como suelen ser cafeter\u00edas, restaurantes, supermercados y espacios abiertos.<\/p>\n<\/div><\/div><\/div><\/div><\/div><\/div><\/div><\/div><div class=\"w-tabs-section\" id=\"r2f0\"><button class=\"w-tabs-section-header\" aria-controls=\"content-r2f0\" aria-expanded=\"false\"><div class=\"w-tabs-section-title\">Premium<\/div><div class=\"w-tabs-section-control\"><\/div><\/button><div  class=\"w-tabs-section-content\" id=\"content-r2f0\"><div class=\"w-tabs-section-content-h i-cf\"><div class=\"wpb_text_column\"><div class=\"wpb_wrapper\"><p>Nos ayuda a mejorar la comprensi\u00f3n en conversaciones grupales, tanto en espacios abiertos como cerrados.<\/p>\n<p>Enfatiza el habla sobre los ruidos.<\/p>\n<\/div><\/div><\/div><\/div><\/div><\/div><\/div><\/div><\/div><div class=\"wpb_column vc_column_container type_sticky\"><div class=\"vc_column-inner\"><div class=\"w-image align_none\"><div class=\"w-image-h\"><img decoding=\"async\" width=\"992\" height=\"1110\" src=\"https:\/\/www.smartso.net\/wp-content\/uploads\/2023\/06\/tipologia-audiofons-1.jpg\" class=\"attachment-full size-full\" alt=\"\" loading=\"lazy\" srcset=\"https:\/\/www.smartso.net\/wp-content\/uploads\/2023\/06\/tipologia-audiofons-1.jpg 992w, https:\/\/www.smartso.net\/wp-content\/uploads\/2023\/06\/tipologia-audiofons-1-268x300.jpg 268w, https:\/\/www.smartso.net\/wp-content\/uploads\/2023\/06\/tipologia-audiofons-1-915x1024.jpg 915w, https:\/\/www.smartso.net\/wp-content\/uploads\/2023\/06\/tipologia-audiofons-1-200x224.jpg 200w\" sizes=\"auto, (max-width: 992px) 100vw, 992px\" \/><\/div><\/div><\/div><\/div><\/div><\/div><\/section>\n","protected":false},"excerpt":{"rendered":"Tu aud\u00edfono\u00bfEres deportista o prefieres disfrutar del tiempo libre descansando en casa? \u00bfSales a menudo y tienes mucha vida social? La respuesta a estas preguntas ayudar\u00e1n a definir qu\u00e9 aud\u00edfono se adaptar\u00e1 mejor a ti. Prep\u00e1rate para adentrarte en el mundo de la audiolog\u00eda, una tecnolog\u00eda en constante evoluci\u00f3n que tiene el objetivo de mejorar...","protected":false},"author":1,"featured_media":0,"parent":0,"menu_order":0,"comment_status":"closed","ping_status":"closed","template":"","meta":{"_joinchat":[],"footnotes":""},"class_list":["post-595","page","type-page","status-publish","hentry"],"yoast_head":"<!-- This site is optimized with the Yoast SEO plugin v27.2 - https:\/\/yoast.com\/product\/yoast-seo-wordpress\/ -->\n<title>Aud\u00edfonos | Smart so<\/title>\n<meta name=\"description\" content=\"Descubre qu\u00e9 aud\u00edfono se adapta mejor a tu estilo de vida y a tus necesidades. Encontraremos lo que mejor se adapta a ti.\" \/>\n<meta name=\"robots\" content=\"index, follow, max-snippet:-1, max-image-preview:large, max-video-preview:-1\" \/>\n<link rel=\"canonical\" href=\"https:\/\/www.smartso.net\/el-teu-audiofon\/\" \/>\n<meta property=\"og:locale\" content=\"es_ES\" \/>\n<meta property=\"og:type\" content=\"article\" \/>\n<meta property=\"og:title\" content=\"Aud\u00edfonos | Smart so\" \/>\n<meta property=\"og:description\" content=\"Descubre qu\u00e9 aud\u00edfono se adapta mejor a tu estilo de vida y a tus necesidades. Encontraremos lo que mejor se adapta a ti.\" \/>\n<meta property=\"og:url\" content=\"https:\/\/www.smartso.net\/el-teu-audiofon\/\" \/>\n<meta property=\"og:site_name\" content=\"Smart So\" \/>\n<meta property=\"article:modified_time\" content=\"2023-07-13T12:42:15+00:00\" \/>\n<script type=\"application\/ld+json\" class=\"yoast-schema-graph\">{\"@context\":\"https:\/\/schema.org\",\"@graph\":[{\"@type\":\"WebPage\",\"@id\":\"https:\/\/www.smartso.net\/el-teu-audiofon\/\",\"url\":\"https:\/\/www.smartso.net\/el-teu-audiofon\/\",\"name\":\"Aud\u00edfonos | Smart so\",\"isPartOf\":{\"@id\":\"https:\/\/www.smartso.net\/#website\"},\"datePublished\":\"2023-05-26T10:51:31+00:00\",\"dateModified\":\"2023-07-13T12:42:15+00:00\",\"description\":\"Descubre qu\u00e9 aud\u00edfono se adapta mejor a tu estilo de vida y a tus necesidades. Encontraremos lo que mejor se adapta a ti.\",\"breadcrumb\":{\"@id\":\"https:\/\/www.smartso.net\/el-teu-audiofon\/#breadcrumb\"},\"inLanguage\":\"es\",\"potentialAction\":[{\"@type\":\"ReadAction\",\"target\":[\"https:\/\/www.smartso.net\/el-teu-audiofon\/\"]}]},{\"@type\":\"BreadcrumbList\",\"@id\":\"https:\/\/www.smartso.net\/el-teu-audiofon\/#breadcrumb\",\"itemListElement\":[{\"@type\":\"ListItem\",\"position\":1,\"name\":\"Inici\",\"item\":\"https:\/\/www.smartso.net\/es\/\"},{\"@type\":\"ListItem\",\"position\":2,\"name\":\"Tu aud\u00edfono\"}]},{\"@type\":\"WebSite\",\"@id\":\"https:\/\/www.smartso.net\/#website\",\"url\":\"https:\/\/www.smartso.net\/\",\"name\":\"Smart So\",\"description\":\"Centre d&#039;audiologia a Caldes de Montbui\",\"potentialAction\":[{\"@type\":\"SearchAction\",\"target\":{\"@type\":\"EntryPoint\",\"urlTemplate\":\"https:\/\/www.smartso.net\/?s={search_term_string}\"},\"query-input\":{\"@type\":\"PropertyValueSpecification\",\"valueRequired\":true,\"valueName\":\"search_term_string\"}}],\"inLanguage\":\"es\"}]}<\/script>\n<!-- \/ Yoast SEO plugin. -->","yoast_head_json":{"title":"Aud\u00edfonos | Smart so","description":"Descubre qu\u00e9 aud\u00edfono se adapta mejor a tu estilo de vida y a tus necesidades. Encontraremos lo que mejor se adapta a ti.","robots":{"index":"index","follow":"follow","max-snippet":"max-snippet:-1","max-image-preview":"max-image-preview:large","max-video-preview":"max-video-preview:-1"},"canonical":"https:\/\/www.smartso.net\/el-teu-audiofon\/","og_locale":"es_ES","og_type":"article","og_title":"Aud\u00edfonos | Smart so","og_description":"Descubre qu\u00e9 aud\u00edfono se adapta mejor a tu estilo de vida y a tus necesidades. Encontraremos lo que mejor se adapta a ti.","og_url":"https:\/\/www.smartso.net\/el-teu-audiofon\/","og_site_name":"Smart So","article_modified_time":"2023-07-13T12:42:15+00:00","schema":{"@context":"https:\/\/schema.org","@graph":[{"@type":"WebPage","@id":"https:\/\/www.smartso.net\/el-teu-audiofon\/","url":"https:\/\/www.smartso.net\/el-teu-audiofon\/","name":"Aud\u00edfonos | Smart so","isPartOf":{"@id":"https:\/\/www.smartso.net\/#website"},"datePublished":"2023-05-26T10:51:31+00:00","dateModified":"2023-07-13T12:42:15+00:00","description":"Descubre qu\u00e9 aud\u00edfono se adapta mejor a tu estilo de vida y a tus necesidades. Encontraremos lo que mejor se adapta a ti.","breadcrumb":{"@id":"https:\/\/www.smartso.net\/el-teu-audiofon\/#breadcrumb"},"inLanguage":"es","potentialAction":[{"@type":"ReadAction","target":["https:\/\/www.smartso.net\/el-teu-audiofon\/"]}]},{"@type":"BreadcrumbList","@id":"https:\/\/www.smartso.net\/el-teu-audiofon\/#breadcrumb","itemListElement":[{"@type":"ListItem","position":1,"name":"Inici","item":"https:\/\/www.smartso.net\/es\/"},{"@type":"ListItem","position":2,"name":"Tu aud\u00edfono"}]},{"@type":"WebSite","@id":"https:\/\/www.smartso.net\/#website","url":"https:\/\/www.smartso.net\/","name":"Smart So","description":"Centre d&#039;audiologia a Caldes de Montbui","potentialAction":[{"@type":"SearchAction","target":{"@type":"EntryPoint","urlTemplate":"https:\/\/www.smartso.net\/?s={search_term_string}"},"query-input":{"@type":"PropertyValueSpecification","valueRequired":true,"valueName":"search_term_string"}}],"inLanguage":"es"}]}},"_links":{"self":[{"href":"https:\/\/www.smartso.net\/es\/wp-json\/wp\/v2\/pages\/595","targetHints":{"allow":["GET"]}}],"collection":[{"href":"https:\/\/www.smartso.net\/es\/wp-json\/wp\/v2\/pages"}],"about":[{"href":"https:\/\/www.smartso.net\/es\/wp-json\/wp\/v2\/types\/page"}],"author":[{"embeddable":true,"href":"https:\/\/www.smartso.net\/es\/wp-json\/wp\/v2\/users\/1"}],"replies":[{"embeddable":true,"href":"https:\/\/www.smartso.net\/es\/wp-json\/wp\/v2\/comments?post=595"}],"version-history":[{"count":5,"href":"https:\/\/www.smartso.net\/es\/wp-json\/wp\/v2\/pages\/595\/revisions"}],"predecessor-version":[{"id":971,"href":"https:\/\/www.smartso.net\/es\/wp-json\/wp\/v2\/pages\/595\/revisions\/971"}],"wp:attachment":[{"href":"https:\/\/www.smartso.net\/es\/wp-json\/wp\/v2\/media?parent=595"}],"curies":[{"name":"wp","href":"https:\/\/api.w.org\/{rel}","templated":true}]}}