{"id":598,"date":"2023-06-01T12:54:31","date_gmt":"2023-06-01T10:54:31","guid":{"rendered":"https:\/\/www.smartso.net\/mapa-web\/"},"modified":"2023-07-14T15:33:29","modified_gmt":"2023-07-14T13:33:29","slug":"mapa-web","status":"publish","type":"page","link":"https:\/\/www.smartso.net\/es\/mapa-web\/","title":{"rendered":"Mapa web"},"content":{"rendered":"<section class=\"l-section wpb_row height_custom\"><div class=\"l-section-h i-cf\"><div class=\"g-cols vc_row via_grid cols_1 laptops-cols_inherit tablets-cols_inherit mobiles-cols_1 valign_top type_default stacking_default\"><div class=\"wpb_column vc_column_container\"><div class=\"vc_column-inner\"><div class=\"wpb_text_column\"><div class=\"wpb_wrapper\"><div id=\"simple-sitemap-container-69d6f5ef149b6\" class=\"simple-sitemap-container simple-sitemap-container-69d6f5ef149b6 tab-disabled\"><div class=\"simple-sitemap-wrap\"><h3 class=\"post-type\">P\u00e1ginas<\/h3><ul class=\"simple-sitemap-page main\"><li class=\"sitemap-item page_item page-item-926\"><a href=\"https:\/\/www.smartso.net\/es\/a-dos-pasos\/\">A dos pasos<\/a><\/li>\n<li class=\"sitemap-item page_item page-item-582\"><a href=\"https:\/\/www.smartso.net\/es\/accesibilidad\/\">Accesibilidad<\/a><\/li>\n<li class=\"sitemap-item page_item page-item-589\"><a href=\"https:\/\/www.smartso.net\/es\/aviso-legal\/\">Aviso legal<\/a><\/li>\n<li class=\"sitemap-item page_item page-item-592\"><a href=\"https:\/\/www.smartso.net\/es\/contacto\/\">Contacto<\/a><\/li>\n<li class=\"sitemap-item page_item page-item-574\"><a href=\"https:\/\/www.smartso.net\/es\/\">Home<\/a><\/li>\n<li class=\"sitemap-item page_item page-item-598\"><a href=\"https:\/\/www.smartso.net\/es\/mapa-web\/\">Mapa web<\/a><\/li>\n<li class=\"sitemap-item page_item page-item-599\"><a href=\"https:\/\/www.smartso.net\/es\/politica-de-cookies\/\">Pol\u00edtica de cookies<\/a><\/li>\n<li class=\"sitemap-item page_item page-item-942\"><a href=\"https:\/\/www.smartso.net\/es\/politica-de-privacidad\/\">Pol\u00edtica de privacidad<\/a><\/li>\n<li class=\"sitemap-item page_item page-item-945\"><a href=\"https:\/\/www.smartso.net\/es\/servicios-de-audiologia\/\">Servicios de audiolog\u00eda<\/a><\/li>\n<li class=\"sitemap-item page_item page-item-595\"><a href=\"https:\/\/www.smartso.net\/es\/tu-audifono\/\">Tu aud\u00edfono<\/a><\/li>\n<\/ul><\/div><\/div><br style=\"clear: both;\">\n<\/div><\/div><\/div><\/div><\/div><\/div><\/section>\n","protected":false},"excerpt":{"rendered":"P\u00e1ginasA dos pasos Accesibilidad Aviso legal Contacto Home Mapa web Pol\u00edtica de cookies Pol\u00edtica de privacidad Servicios de audiolog\u00eda Tu aud\u00edfono","protected":false},"author":1,"featured_media":0,"parent":0,"menu_order":0,"comment_status":"closed","ping_status":"closed","template":"","meta":{"_joinchat":[],"footnotes":""},"class_list":["post-598","page","type-page","status-publish","hentry"],"yoast_head":"<!-- This site is optimized with the Yoast SEO plugin v27.2 - https:\/\/yoast.com\/product\/yoast-seo-wordpress\/ -->\n<title>Mapa web - Smart So<\/title>\n<meta name=\"robots\" content=\"noindex, nofollow\" \/>\n<meta property=\"og:locale\" content=\"es_ES\" \/>\n<meta property=\"og:type\" content=\"article\" \/>\n<meta property=\"og:title\" content=\"Mapa web - Smart So\" \/>\n<meta property=\"og:url\" content=\"https:\/\/www.smartso.net\/es\/mapa-web\/\" \/>\n<meta property=\"og:site_name\" content=\"Smart So\" \/>\n<meta property=\"article:modified_time\" content=\"2023-07-14T13:33:29+00:00\" \/>\n<script type=\"application\/ld+json\" class=\"yoast-schema-graph\">{\"@context\":\"https:\/\/schema.org\",\"@graph\":[{\"@type\":\"WebPage\",\"@id\":\"https:\/\/www.smartso.net\/es\/mapa-web\/\",\"url\":\"https:\/\/www.smartso.net\/es\/mapa-web\/\",\"name\":\"Mapa web - Smart So\",\"isPartOf\":{\"@id\":\"https:\/\/www.smartso.net\/#website\"},\"datePublished\":\"2023-06-01T10:54:31+00:00\",\"dateModified\":\"2023-07-14T13:33:29+00:00\",\"breadcrumb\":{\"@id\":\"https:\/\/www.smartso.net\/es\/mapa-web\/#breadcrumb\"},\"inLanguage\":\"es\",\"potentialAction\":[{\"@type\":\"ReadAction\",\"target\":[\"https:\/\/www.smartso.net\/es\/mapa-web\/\"]}]},{\"@type\":\"BreadcrumbList\",\"@id\":\"https:\/\/www.smartso.net\/es\/mapa-web\/#breadcrumb\",\"itemListElement\":[{\"@type\":\"ListItem\",\"position\":1,\"name\":\"Inici\",\"item\":\"https:\/\/www.smartso.net\/es\/\"},{\"@type\":\"ListItem\",\"position\":2,\"name\":\"Mapa web\"}]},{\"@type\":\"WebSite\",\"@id\":\"https:\/\/www.smartso.net\/#website\",\"url\":\"https:\/\/www.smartso.net\/\",\"name\":\"Smart So\",\"description\":\"Centre d&#039;audiologia a Caldes de Montbui\",\"potentialAction\":[{\"@type\":\"SearchAction\",\"target\":{\"@type\":\"EntryPoint\",\"urlTemplate\":\"https:\/\/www.smartso.net\/?s={search_term_string}\"},\"query-input\":{\"@type\":\"PropertyValueSpecification\",\"valueRequired\":true,\"valueName\":\"search_term_string\"}}],\"inLanguage\":\"es\"}]}<\/script>\n<!-- \/ Yoast SEO plugin. -->","yoast_head_json":{"title":"Mapa web - Smart So","robots":{"index":"noindex","follow":"nofollow"},"og_locale":"es_ES","og_type":"article","og_title":"Mapa web - Smart So","og_url":"https:\/\/www.smartso.net\/es\/mapa-web\/","og_site_name":"Smart So","article_modified_time":"2023-07-14T13:33:29+00:00","schema":{"@context":"https:\/\/schema.org","@graph":[{"@type":"WebPage","@id":"https:\/\/www.smartso.net\/es\/mapa-web\/","url":"https:\/\/www.smartso.net\/es\/mapa-web\/","name":"Mapa web - Smart So","isPartOf":{"@id":"https:\/\/www.smartso.net\/#website"},"datePublished":"2023-06-01T10:54:31+00:00","dateModified":"2023-07-14T13:33:29+00:00","breadcrumb":{"@id":"https:\/\/www.smartso.net\/es\/mapa-web\/#breadcrumb"},"inLanguage":"es","potentialAction":[{"@type":"ReadAction","target":["https:\/\/www.smartso.net\/es\/mapa-web\/"]}]},{"@type":"BreadcrumbList","@id":"https:\/\/www.smartso.net\/es\/mapa-web\/#breadcrumb","itemListElement":[{"@type":"ListItem","position":1,"name":"Inici","item":"https:\/\/www.smartso.net\/es\/"},{"@type":"ListItem","position":2,"name":"Mapa web"}]},{"@type":"WebSite","@id":"https:\/\/www.smartso.net\/#website","url":"https:\/\/www.smartso.net\/","name":"Smart So","description":"Centre d&#039;audiologia a Caldes de Montbui","potentialAction":[{"@type":"SearchAction","target":{"@type":"EntryPoint","urlTemplate":"https:\/\/www.smartso.net\/?s={search_term_string}"},"query-input":{"@type":"PropertyValueSpecification","valueRequired":true,"valueName":"search_term_string"}}],"inLanguage":"es"}]}},"_links":{"self":[{"href":"https:\/\/www.smartso.net\/es\/wp-json\/wp\/v2\/pages\/598","targetHints":{"allow":["GET"]}}],"collection":[{"href":"https:\/\/www.smartso.net\/es\/wp-json\/wp\/v2\/pages"}],"about":[{"href":"https:\/\/www.smartso.net\/es\/wp-json\/wp\/v2\/types\/page"}],"author":[{"embeddable":true,"href":"https:\/\/www.smartso.net\/es\/wp-json\/wp\/v2\/users\/1"}],"replies":[{"embeddable":true,"href":"https:\/\/www.smartso.net\/es\/wp-json\/wp\/v2\/comments?post=598"}],"version-history":[{"count":2,"href":"https:\/\/www.smartso.net\/es\/wp-json\/wp\/v2\/pages\/598\/revisions"}],"predecessor-version":[{"id":1040,"href":"https:\/\/www.smartso.net\/es\/wp-json\/wp\/v2\/pages\/598\/revisions\/1040"}],"wp:attachment":[{"href":"https:\/\/www.smartso.net\/es\/wp-json\/wp\/v2\/media?parent=598"}],"curies":[{"name":"wp","href":"https:\/\/api.w.org\/{rel}","templated":true}]}}