{"id":599,"date":"2023-06-01T10:39:21","date_gmt":"2023-06-01T08:39:21","guid":{"rendered":"https:\/\/www.smartso.net\/politica-de-cookies\/"},"modified":"2023-07-20T10:12:22","modified_gmt":"2023-07-20T08:12:22","slug":"politica-de-cookies","status":"publish","type":"page","link":"https:\/\/www.smartso.net\/es\/politica-de-cookies\/","title":{"rendered":"Pol\u00edtica de cookies"},"content":{"rendered":"<section class=\"l-section wpb_row height_custom\"><div class=\"l-section-h i-cf\"><div class=\"g-cols vc_row via_grid cols_1 laptops-cols_inherit tablets-cols_inherit mobiles-cols_1 valign_top type_default stacking_default\"><div class=\"wpb_column vc_column_container\"><div class=\"vc_column-inner\"><div class=\"wpb_text_column\"><div class=\"wpb_wrapper\"><h1>Pol\u00edtica de cookies<\/h1>\n<h2>INTRODUCCI\u00d3N<\/h2>\n<p>La web de SMART SO utiliza cookies propias y de terceros. Una cookie es un archivo que se descarga en su ordenador a la hora de acceder a determinadas p\u00e1ginas web. Las cookies permiten a una p\u00e1gina web, entre otros fines, asegurar el correcto funcionamiento de la p\u00e1gina, permitir al Usuario un acceso m\u00e1s r\u00e1pido a los servicios seleccionados, almacenar y recuperar informaci\u00f3n sobre los h\u00e1bitos de navegaci\u00f3n de un usuario o del su equipo e, incluso, dependiendo de la informaci\u00f3n que contengan y de la forma en que utilice su equipo, pueden utilizarse para reconocer al usuario. Las cookies se asocian \u00fanicamente a un usuario an\u00f3nimo y su ordenador o dispositivo y no proporcionan referencias que permitan conocer sus datos personales, salvo permiso expreso de aqu\u00e9l.<\/p>\n<p>El usuario puede, en todo momento, aceptar o rechazar las cookies instaladas que no sean estrictamente necesarias para el correcto funcionamiento de la web y el acceso al Usuario a sus servicios, a trav\u00e9s del panel de ajuste de cookies proporcionado en nuestra web. Asimismo podr\u00e1 configurar su navegador en todo momento sin que ello perjudique a la posibilidad del Usuario de acceder a los contenidos. Sin embargo le informamos que el rechazo de las cookies puede disminuir el buen funcionamiento de la web.<\/p>\n<h2>COOKIES AFECTADAS POR LA NORMATIVA Y COOKIES EXENTAS<\/h2>\n<p>Seg\u00fan la directiva de la UE, las cookies que requieren el consentimiento informado por parte del usuario son las cookies de anal\u00edtica y las de publicidad y afiliaci\u00f3n, quedando exceptuadas las de car\u00e1cter t\u00e9cnico y las necesarias para el funcionamiento del sitio web o la prestaci\u00f3n de servicios expresamente demandados por el usuario.<\/p>\n<h2>TIPO DE COOKIES<\/h2>\n<p>a) Seg\u00fan <strong>la entidad que las gestione<\/strong>, existen Cookies <strong>propias<\/strong> (aquellas que se env\u00edan al equipo terminal del usuario desde un equipo o dominio gestionado por el propio editor y desde el que se presta el servicio Solicitado por el usuario) y de terceros (las que se env\u00edan en el equipo terminal del usuario desde un equipo o dominio que no es gestionado por el editor, sino por otra entidad que trata los datos obtenidos mediante las cookies).<\/p>\n<p>b) ) Seg\u00fan <strong>el tiempo que permanecen activas<\/strong>, est\u00e1n las de <strong>sesi\u00f3n<\/strong> (dise\u00f1adas para pedir y almacenar datos mientras el usuario accede a una p\u00e1gina web) y las <strong>persistentes<\/strong> (en el que los datos se almacenan en el terminal y pueden ser accedidos y tratados durante un per\u00edodo definido por el responsable de la cookie -puede ir de unos minutos a varios a\u00f1os).<\/p>\n<p>c) ) Seg\u00fan la <strong>finalidad<\/strong> para la que tratan la informaci\u00f3n que recopilan, pueden ser:<\/p>\n<ul>\n<li>\n<ul>\n<li><strong>Cookies t\u00e9cnicas<\/strong> (necesarias para el uso de la web y la prestaci\u00f3n del servicio contratado),<\/li>\n<li><strong>Cookies de personalizaci\u00f3n<\/strong> (que permiten al usuario acceder al servicio con caracter\u00edsticas predefinidas, como el idioma, tipos de navegador, configuraci\u00f3n regional, etc.)<\/li>\n<li><strong>Cookies de an\u00e1lisis<\/strong> (recogen informaci\u00f3n el uso que se realiza de la web),<\/li>\n<li><strong>Cookies publicitarias<\/strong> (recogen informaci\u00f3n sobre las preferencias y elecciones personales de los usuarios),<\/li>\n<li><strong>Cookies de afiliados<\/strong> (permiten realizar un seguimiento de las visitas procedentes de otras webs, con las que el sitio web establece un contrato de afiliaci\u00f3n).<\/li>\n<\/ul>\n<\/li>\n<\/ul>\n<h2>TIPO DE COOKIES UTILIZADAS PARA ESTE SITIO WEB<\/h2>\n<p>Usted podr\u00e1 <u>Cambiar el consentimiento<\/u> respecto a la configuraci\u00f3n de cookies que haya aceptado al acceder a este sitio web.<\/p>\n<table>\n<thead>\n<tr>\n<th>Nombre<\/th>\n<th>Duraci\u00f3n<\/th>\n<th>Categoria<\/th>\n<th>Descripci\u00f3n<\/th>\n<\/tr>\n<\/thead>\n<\/table>\n<table>\n<thead>\n<tr>\n<th>Nombre<\/th>\n<th>Duraci\u00f3n<\/th>\n<th>Categoria<\/th>\n<th>Descripci\u00f3n<\/th>\n<\/tr>\n<\/thead>\n<tbody>\n<tr>\n<td>wp-wpml_current_language<\/td>\n<td>session<\/td>\n<td>Others<\/td>\n<td>No description available.<\/td>\n<\/tr>\n<tr>\n<td>CookieLawInfoConsent<\/td>\n<td>1 year<\/td>\n<td>Necessary<\/td>\n<td>Records the default button state of the corresponding category &amp; the status of CCPA. It works only in coordination with the primary cookie.<\/td>\n<\/tr>\n<tr>\n<td>cookielawinfo-checkbox-necessary<\/td>\n<td>1 year<\/td>\n<td>Necessary<\/td>\n<td>Set by the GDPR Cookie Consent plugin, this cookie is used to record the user consent for the cookies in the \u00abNecessary\u00bb category .<\/td>\n<\/tr>\n<tr>\n<td>cookielawinfo-checkbox-functional<\/td>\n<td>1 year<\/td>\n<td>Necessary<\/td>\n<td>The cookie is set by the GDPR Cookie Consent plugin to record the user consent for the cookies in the category \u00abFunctional\u00bb.<\/td>\n<\/tr>\n<tr>\n<td>cookielawinfo-checkbox-performance<\/td>\n<td>1 year<\/td>\n<td>Necessary<\/td>\n<td>Set by the GDPR Cookie Consent plugin, this cookie is used to store the user consent for cookies in the category \u00abPerformance\u00bb.<\/td>\n<\/tr>\n<\/tbody>\n<\/table>\n<div id=\"tablepress-4_info\" class=\"dataTables_info\" role=\"status\" aria-live=\"polite\">Showing 1 to 5 of 16 entries<\/div>\n<div id=\"tablepress-4_paginate\" class=\"dataTables_paginate paging_simple\"><a id=\"tablepress-4_previous\" class=\"paginate_button previous disabled\" tabindex=\"-1\" aria-controls=\"tablepress-4\" aria-disabled=\"true\" aria-role=\"link\" data-dt-idx=\"previous\"><\/a>Previous<a id=\"tablepress-4_next\" class=\"paginate_button next\" tabindex=\"0\" aria-controls=\"tablepress-4\" aria-role=\"link\" data-dt-idx=\"next\"><\/a>Next<\/div>\n<p>Mientras navega por nuestra web, pueden almacenarse en su navegador las cookies de nuestras redes sociales. A continuaci\u00f3n, le explicamos los enlaces sobre las cookies de las redes sociales que utilizamos en esta web:<\/p>\n<ul>\n<li>Cookies de Facebook, ver m\u00e1s informaci\u00f3n en su <a href=\"https:\/\/es-es.facebook.com\/policies\/cookies\/\" target=\"_blank\" rel=\"noopener\">pol\u00edtica de cookies  <i class=\"fas fa-external-link-alt\"><\/i> <\/a> <\/li>\n<li>Cookies de Twitter, ver m\u00e1s informaci\u00f3n en su <a href=\"https:\/\/help.twitter.com\/es\/rules-and-policies\/twitter-cookies\" target=\"_blank\" rel=\"noopener\">pol\u00edtica de cookies <i class=\"fas fa-external-link-alt\"><\/i><\/a> <\/li>\n<li>Cookies de Instagram, ver m\u00e1s informaci\u00f3n en su<a href=\"https:\/\/es-es.facebook.com\/policies\/cookies\/\" target=\"_blank\" rel=\"noopener\">pol\u00edtica de cookies <i class=\"fas fa-external-link-alt\"><\/i><\/a> <\/li>\n<li>Cookies de Linkedin, ver m\u00e1s informaci\u00f3n en su<a href=\"https:\/\/www.linkedin.com\/legal\/cookie-policy?_l=es_ES\" target=\"_blank\" rel=\"noopener\">pol\u00edtica de cookies <i class=\"fas fa-external-link-alt\"><\/i><\/a> <\/li>\n<li>Cookies de Pinterest, ver m\u00e1s informaci\u00f3n en su<a href=\"https:\/\/policy.pinterest.com\/es\/cookies\" target=\"_blank\" rel=\"noopener\">pol\u00edtica de cookies <i class=\"fas fa-external-link-alt\"><\/i><\/a> <\/li>\n<li>Cookies de Youtube, ver m\u00e1s informaci\u00f3n en su<a href=\"https:\/\/policies.google.com\/technologies\/cookies?hl=ca\" target=\"_blank\" rel=\"noopener\">pol\u00edtica de cookies <i class=\"fas fa-external-link-alt\"><\/i><\/a> <\/li>\n<\/ul>\n<h2>REVOCACI\u00d3N<\/h2>\n<p>En todo momento podr\u00e1 acceder a la configuraci\u00f3n de su navegador aceptando o rechazando todas las cookies, o bien seleccionar aquellas que la instalaci\u00f3n admite y las que no, siguiendo uno de los siguientes procedimientos, dependiendo del navegador que utilice:<br \/>\n<strong>Google Chrome<\/strong> (en el Men\u00fa Herramientas):<br \/>\nConfiguraci\u00f3n &gt; Mostrar opcions avanzadas &gt; Privacidad (Configuraci\u00f3n de contenido) &gt; Cookies: https:\/\/support.google.com\/chrome\/answer\/95647?co=GENIE.Platform%3DDesktopandhl=es<\/p>\n<p><strong>Microsoft Internet Explorer<\/strong> (en el Men\u00fa Herramientas):<br \/>\nOpciones de Internet &gt; Privacidad &gt; Avanzada: https:\/\/support.microsoft.com\/es-es\/help\/17442\/windows-internet-explorer-delete-manage-cookies<\/p>\n<p><strong>Firefox:<\/strong><br \/>\nOpciones &gt; Privacidad &gt; Cookies: https:\/\/support.mozilla.org\/es\/kb\/habilitar-y-deshabilitar-cookies-sitios-web-rastrear-preferencias<\/p>\n<p><strong>Safari, iPad i iPhone:<\/strong><br \/>\nPreferencias &gt;Privacidad https:\/\/support.apple.com\/kb\/ph21411?locale=es_ES<\/p>\n<p><strong>Opera:<\/strong><br \/>\nConfiguraci\u00f3n &gt; Opciones &gt; Avanzada &gt; Cookies http:\/\/help.opera.com\/Windows\/12.00\/es-ES\/cookies.html<br \/>\nEstos navegadores est\u00e1n sometidos a actualizaciones o modificaciones, por lo que no podemos garantizar que se ajusten por completo a la versi\u00f3n de su navegador. Tambi\u00e9n puede que utilice otro navegador no contemplado en estos enlaces como Konqueror, Arora, Flock, etc. Para evitar estos desajustes, puede acceder directamente desde las opciones de su navegador, generalmente en el men\u00fa de \u201cOpciones\u201d en la secci\u00f3n de \u201cPrivacidad\u201d. (Por favor, consulte la ayuda de su navegador para m\u00e1s informaci\u00f3n).<\/p>\n<h2>DESACTIVACI\u00d3N\/ACTIVACI\u00d3N Y ELIMINACI\u00d3N DE COOKIES<\/h2>\n<p>Para restringir o bloquear las cookies, se realiza a trav\u00e9s de la configuraci\u00f3n del navegador.<\/p>\n<p>Si no desea que los sitios web pongan ninguna cookie en su equipo, puede adaptar la configuraci\u00f3n del navegador de forma que se le notifique antes de que se coloque ninguna cookie. Del mismo modo, puede adaptar la configuraci\u00f3n de forma que el navegador rechace todas las cookies, o \u00fanicamente las cookies de terceros. Tambi\u00e9n puede eliminar cualquiera de las cookies que ya se encuentren en su equipo. Recuerde que se deber\u00e1 adaptar por separado la configuraci\u00f3n de cada navegador y equipo que utilice.<\/p>\n<p>Recuerde que si no desea recibir cookies, ya no podremos garantizar que nuestro sitio web funcione como es debido. Puede que algunas funciones del sitio se pierdan y es posible que ya no pueda ver ciertos sitios web. Adem\u00e1s, rechazar las cookies no significa que ya no vaya a ver anuncios publicitarios. Simplemente los anuncios no se ajustar\u00e1n a sus intereses y se repetir\u00e1n con mayor frecuencia.<\/p>\n<p>Cada navegador tiene un m\u00e9todo distinto para adaptar la configuraci\u00f3n. Si es necesario, consulte la funci\u00f3n de ayuda del navegador para establecer la configuraci\u00f3n correcta.<\/p>\n<p>Para desactivar las cookies en el tel\u00e9fono m\u00f3vil, consulte el manual del dispositivo para obtener m\u00e1s informaci\u00f3n.<\/p>\n<p>Puede obtener m\u00e1s informaci\u00f3n sobre las cookies en Internet, http:\/\/www.aboutcookies.org.<\/p>\n<p>Teniendo en cuenta la forma en la que funciona Internet y los sitios web, no siempre contamos con informaci\u00f3n de las cookies que colocan terceras partes a trav\u00e9s de nuestro sitio web. Esto se aplica especialmente a casos en los que nuestra p\u00e1gina web contiene lo que se denominan elementos integrados: textos, documentos, im\u00e1genes o breves pel\u00edculas que se almacenan en otra parte, pero se muestran en nuestro sitio web o mediante el mismo.<\/p>\n<p>Por tanto, en caso de que se encuentre con este tipo de cookies en este sitio web y no est\u00e9n enumeradas en la lista anterior, le rogamos que nos lo comunique. O bien p\u00f3ngase en contacto directamente con el tercero para pedirle informaci\u00f3n sobre las cookies que coloca, la finalidad y la duraci\u00f3n de la cookie, y c\u00f3mo ha garantizado su privacidad.<\/p>\n<h2>INFORMACI\u00d3N RELACIONADA CON EL TRATAMIENTO DE DATOS PERSONALES (ART. 13 RGPD)<\/h2>\n<p><strong>\u00bfQui\u00e9n es el responsable del tratamiento de sus datos personales?<\/strong><br \/>\nSMART SO es el responsable del tratamiento de los datos personales que usted nos proporciona, situado en Sant Pau, 60. Caldes de Montbui y con CIF 52164253T Tel\u00e9fono 629678709 y mail de contacto toni@smartso.net.<br \/>\nSi no desea que los sitios web pongan ninguna cookie en su equipo, puede adaptar la configuraci\u00f3n de su navegador de forma que se le notifique antes de que se coloque ninguna cookie. Del mismo modo, puede adaptar la configuraci\u00f3n de forma que el navegador rechace todas las cookies, o \u00fanicamente las cookies de terceros. Tambi\u00e9n puede eliminar cualquiera de las cookies que ya se encuentren en su equipo. Recuerde que se deber\u00e1 adaptar por separado la configuraci\u00f3n de cada navegador y equipo que utilice.<\/p>\n<p><strong>\u00bfPara qu\u00e9 utilizamos sus datos personales?<\/strong><br \/>\nLa informaci\u00f3n recopilada a trav\u00e9s de las cookies propias (cookies de sesi\u00f3n y de entrada de usuario) se suelen utilizar para rastrear las acciones del usuario al rellenar los formularios online en varias p\u00e1ginas, o como cesta de la compra para realizar el seguimiento de los art\u00edculos que el usuario ha seleccionado al pulsar un bot\u00f3n, o para personalizar la interfaz del usuario al visitar la p\u00e1gina web.<br \/>\nLa informaci\u00f3n recopilada a trav\u00e9s de las cookies de terceros es la siguiente:<\/p>\n<ul>\n<li>A trav\u00e9s de cookies anal\u00edticas se analizan sus h\u00e1bitos de navegaci\u00f3n para mejorar los servicios prestados;<\/li>\n<li>A trav\u00e9s de las cookies comportamentales se recoge informaci\u00f3n sobre las preferencias del usuario para gestionar los espacios publicitarios de la forma m\u00e1s eficaz posible; y<\/li>\n<li>a trav\u00e9s de las cookies publicitarias se mide el rendimiento de los anuncios y se proporcionan recomendaciones relativas a productos basados \u200b\u200ben datos estad\u00edsticos.<\/li>\n<\/ul>\n<p>Para ver exactamente el uso de las cookies vea el cuadro sobre el uso de las cookies en este documento.<\/p>\n<p><strong>\u00bfCu\u00e1l es la base legal para el tratamiento de sus datos personales?<\/strong><br \/>\nLa legitimaci\u00f3n para el tratamiento de sus datos personales viene dada por su consentimiento, otorgado en el momento de ponerse en contacto con nosotros, para la utilizaci\u00f3n de cookies anal\u00edticas, comportamentales y publicitarias; para las cookies de sesi\u00f3n o personalizaci\u00f3n, la legitimaci\u00f3n para el tratamiento viene dada por el inter\u00e9s leg\u00edtimo del prestamista (responsable del tratamiento).<\/p>\n<p><strong>\u00bfA qui\u00e9n comunicamos sus datos?<\/strong><br \/>\nNo se ceder\u00e1n ni comunicar\u00e1n datos a terceros, salvo por obligaci\u00f3n legal oa los terceros indicados en el caso de uso de cookies gestionadas por \u00e9stos.<\/p>\n<p><strong>\u00bfCu\u00e1l es el plazo de conservaci\u00f3n de sus datos?<\/strong><br \/>\nEl plazo de conservaci\u00f3n de los datos recogidos es el indicado en el cuadro sobre el uso de cookies en este documento.<\/p>\n<p><strong>\u00bfCu\u00e1les son sus derechos?<\/strong><br \/>\nLos derechos que amparan al usuario son los de acceso, rectificaci\u00f3n, supresi\u00f3n, portabilidad de \u00e9stos, retirada del consentimiento (sin que esto afecte a la licitud del tratamiento otorgado previamente a su retirada), oposici\u00f3n al tratamiento, limitaci\u00f3n (en determinadas circunstancias) ya presentar una reclamaci\u00f3n ante la autoridad de control (la Agencia Espa\u00f1ola de protecci\u00f3n de datos, www.aepd.es).<\/p>\n<\/div><\/div><\/div><\/div><\/div><\/div><\/section>\n","protected":false},"excerpt":{"rendered":"Pol\u00edtica de cookies INTRODUCCI\u00d3N La web de SMART SO utiliza cookies propias y de terceros. Una cookie es un archivo que se descarga en su ordenador a la hora de acceder a determinadas p\u00e1ginas web. Las cookies permiten a una p\u00e1gina web, entre otros fines, asegurar el correcto funcionamiento de la p\u00e1gina, permitir al Usuario...","protected":false},"author":1,"featured_media":0,"parent":0,"menu_order":0,"comment_status":"closed","ping_status":"closed","template":"","meta":{"_joinchat":[],"footnotes":""},"class_list":["post-599","page","type-page","status-publish","hentry"],"yoast_head":"<!-- This site is optimized with the Yoast SEO plugin v27.2 - https:\/\/yoast.com\/product\/yoast-seo-wordpress\/ -->\n<title>Pol\u00edtica de cookies - Smart So<\/title>\n<meta name=\"robots\" content=\"noindex, nofollow\" \/>\n<meta property=\"og:locale\" content=\"es_ES\" \/>\n<meta property=\"og:type\" content=\"article\" \/>\n<meta property=\"og:title\" content=\"Pol\u00edtica de cookies - Smart So\" \/>\n<meta property=\"og:url\" content=\"https:\/\/www.smartso.net\/es\/politica-de-cookies\/\" \/>\n<meta property=\"og:site_name\" content=\"Smart So\" \/>\n<meta property=\"article:modified_time\" content=\"2023-07-20T08:12:22+00:00\" \/>\n<script type=\"application\/ld+json\" class=\"yoast-schema-graph\">{\"@context\":\"https:\/\/schema.org\",\"@graph\":[{\"@type\":\"WebPage\",\"@id\":\"https:\/\/www.smartso.net\/es\/politica-de-cookies\/\",\"url\":\"https:\/\/www.smartso.net\/es\/politica-de-cookies\/\",\"name\":\"Pol\u00edtica de cookies - Smart So\",\"isPartOf\":{\"@id\":\"https:\/\/www.smartso.net\/#website\"},\"datePublished\":\"2023-06-01T08:39:21+00:00\",\"dateModified\":\"2023-07-20T08:12:22+00:00\",\"breadcrumb\":{\"@id\":\"https:\/\/www.smartso.net\/es\/politica-de-cookies\/#breadcrumb\"},\"inLanguage\":\"es\",\"potentialAction\":[{\"@type\":\"ReadAction\",\"target\":[\"https:\/\/www.smartso.net\/es\/politica-de-cookies\/\"]}]},{\"@type\":\"BreadcrumbList\",\"@id\":\"https:\/\/www.smartso.net\/es\/politica-de-cookies\/#breadcrumb\",\"itemListElement\":[{\"@type\":\"ListItem\",\"position\":1,\"name\":\"Inici\",\"item\":\"https:\/\/www.smartso.net\/es\/\"},{\"@type\":\"ListItem\",\"position\":2,\"name\":\"Pol\u00edtica de cookies\"}]},{\"@type\":\"WebSite\",\"@id\":\"https:\/\/www.smartso.net\/#website\",\"url\":\"https:\/\/www.smartso.net\/\",\"name\":\"Smart So\",\"description\":\"Centre d&#039;audiologia a Caldes de Montbui\",\"potentialAction\":[{\"@type\":\"SearchAction\",\"target\":{\"@type\":\"EntryPoint\",\"urlTemplate\":\"https:\/\/www.smartso.net\/?s={search_term_string}\"},\"query-input\":{\"@type\":\"PropertyValueSpecification\",\"valueRequired\":true,\"valueName\":\"search_term_string\"}}],\"inLanguage\":\"es\"}]}<\/script>\n<!-- \/ Yoast SEO plugin. -->","yoast_head_json":{"title":"Pol\u00edtica de cookies - Smart So","robots":{"index":"noindex","follow":"nofollow"},"og_locale":"es_ES","og_type":"article","og_title":"Pol\u00edtica de cookies - Smart So","og_url":"https:\/\/www.smartso.net\/es\/politica-de-cookies\/","og_site_name":"Smart So","article_modified_time":"2023-07-20T08:12:22+00:00","schema":{"@context":"https:\/\/schema.org","@graph":[{"@type":"WebPage","@id":"https:\/\/www.smartso.net\/es\/politica-de-cookies\/","url":"https:\/\/www.smartso.net\/es\/politica-de-cookies\/","name":"Pol\u00edtica de cookies - Smart So","isPartOf":{"@id":"https:\/\/www.smartso.net\/#website"},"datePublished":"2023-06-01T08:39:21+00:00","dateModified":"2023-07-20T08:12:22+00:00","breadcrumb":{"@id":"https:\/\/www.smartso.net\/es\/politica-de-cookies\/#breadcrumb"},"inLanguage":"es","potentialAction":[{"@type":"ReadAction","target":["https:\/\/www.smartso.net\/es\/politica-de-cookies\/"]}]},{"@type":"BreadcrumbList","@id":"https:\/\/www.smartso.net\/es\/politica-de-cookies\/#breadcrumb","itemListElement":[{"@type":"ListItem","position":1,"name":"Inici","item":"https:\/\/www.smartso.net\/es\/"},{"@type":"ListItem","position":2,"name":"Pol\u00edtica de cookies"}]},{"@type":"WebSite","@id":"https:\/\/www.smartso.net\/#website","url":"https:\/\/www.smartso.net\/","name":"Smart So","description":"Centre d&#039;audiologia a Caldes de Montbui","potentialAction":[{"@type":"SearchAction","target":{"@type":"EntryPoint","urlTemplate":"https:\/\/www.smartso.net\/?s={search_term_string}"},"query-input":{"@type":"PropertyValueSpecification","valueRequired":true,"valueName":"search_term_string"}}],"inLanguage":"es"}]}},"_links":{"self":[{"href":"https:\/\/www.smartso.net\/es\/wp-json\/wp\/v2\/pages\/599","targetHints":{"allow":["GET"]}}],"collection":[{"href":"https:\/\/www.smartso.net\/es\/wp-json\/wp\/v2\/pages"}],"about":[{"href":"https:\/\/www.smartso.net\/es\/wp-json\/wp\/v2\/types\/page"}],"author":[{"embeddable":true,"href":"https:\/\/www.smartso.net\/es\/wp-json\/wp\/v2\/users\/1"}],"replies":[{"embeddable":true,"href":"https:\/\/www.smartso.net\/es\/wp-json\/wp\/v2\/comments?post=599"}],"version-history":[{"count":5,"href":"https:\/\/www.smartso.net\/es\/wp-json\/wp\/v2\/pages\/599\/revisions"}],"predecessor-version":[{"id":1095,"href":"https:\/\/www.smartso.net\/es\/wp-json\/wp\/v2\/pages\/599\/revisions\/1095"}],"wp:attachment":[{"href":"https:\/\/www.smartso.net\/es\/wp-json\/wp\/v2\/media?parent=599"}],"curies":[{"name":"wp","href":"https:\/\/api.w.org\/{rel}","templated":true}]}}