{"id":926,"date":"2023-06-16T10:00:55","date_gmt":"2023-06-16T08:00:55","guid":{"rendered":"https:\/\/www.smartso.net\/a-dos-pasos\/"},"modified":"2023-08-01T07:56:09","modified_gmt":"2023-08-01T05:56:09","slug":"a-dos-pasos","status":"publish","type":"page","link":"https:\/\/www.smartso.net\/es\/a-dos-pasos\/","title":{"rendered":"A dos pasos"},"content":{"rendered":"<section class=\"l-section wpb_row height_custom with_img\"><div class=\"l-section-img\" role=\"img\" aria-label=\"Imagen\" data-img-width=\"1024\" data-img-height=\"768\" style=\"background-image: url(https:\/\/www.smartso.net\/wp-content\/uploads\/2023\/07\/SMARTSO-ADUESPASSES.jpg);background-repeat: no-repeat;\"><\/div><div class=\"l-section-overlay\" style=\"background:var(--color-content-overlay)\"><\/div><div class=\"l-section-h i-cf\"><div class=\"g-cols vc_row via_grid cols_1 laptops-cols_inherit tablets-cols_inherit mobiles-cols_1 valign_top type_default stacking_default\"><div class=\"wpb_column vc_column_container\"><div class=\"vc_column-inner\"><div class=\"g-cols wpb_row via_grid cols_2-1 laptops-cols_inherit tablets-cols_inherit mobiles-cols_1 valign_top type_default stacking_default\" style=\"--columns-gap:3rem;\"><div class=\"wpb_column vc_column_container\"><div class=\"vc_column-inner\"><h1 class=\"w-post-elm post_title us_custom_3fb96a03 has_text_color entry-title color_link_inherit\">A dos pasos<\/h1><div class=\"wpb_text_column us_custom_ba6721b4 has_text_color\"><div class=\"wpb_wrapper\"><p>Situado en medio del pueblo, Smart So es el centro de salud auditiva de referencia en Caldes de Montbui y cercan\u00edas.<\/p>\n<\/div><\/div><\/div><\/div><div class=\"wpb_column vc_column_container\"><div class=\"vc_column-inner\"><\/div><\/div><\/div><\/div><\/div><\/div><\/div><\/section><section class=\"l-section wpb_row height_custom\"><div class=\"l-section-h i-cf\"><div class=\"g-cols vc_row via_grid cols_2 laptops-cols_inherit tablets-cols_inherit mobiles-cols_1 valign_top type_default stacking_default\"><div class=\"wpb_column vc_column_container\"><div class=\"vc_column-inner\"><div class=\"wpb_text_column us_custom_e181ea91\"><div class=\"wpb_wrapper\"><p>Creemos que uno de los puntos importantes a tener en cuenta es la proximidad a la hora de elegir el centro auditivo. \u00bfPor qu\u00e9? Pues porque entre otros aspectos, los aud\u00edfonos necesitan un mantenimiento durante su tiempo de uso, es decir, tendr\u00e9is que venir peri\u00f3dicamente a verificar su buen funcionamiento y realizar el mantenimiento.<\/p>\n<\/div><\/div><\/div><\/div><div class=\"wpb_column vc_column_container type_sticky\"><div class=\"vc_column-inner\"><div class=\"w-html\"><iframe src=\"https:\/\/www.google.com\/maps\/embed?pb=!1m18!1m12!1m3!1d2982.2323871240037!2d2.1655113!3d41.629108099999996!2m3!1f0!2f0!3f0!3m2!1i1024!2i768!4f13.1!3m3!1m2!1s0x12a4c1d4e9bb8043%3A0x48745ad72f079929!2sSmart%20So%20Centre%20Auditiu!5e0!3m2!1ses!2ses!4v1688724292890!5m2!1ses!2ses\" width=\"600\" height=\"450\" style=\"border:0; border-radius: 8px\" allowfullscreen=\"\" loading=\"lazy\" referrerpolicy=\"no-referrer-when-downgrade\"><\/iframe><\/div><\/div><\/div><\/div><\/div><\/section><section class=\"l-section wpb_row us_custom_9a24c93d height_auto width_full\"><div class=\"l-section-h i-cf\"><div class=\"g-cols vc_row via_grid cols_2 laptops-cols_inherit tablets-cols_inherit mobiles-cols_1 valign_top type_boxes reversed stacking_default\" style=\"--columns-gap:0rem;\"><div class=\"wpb_column vc_column_container\"><div class=\"vc_column-inner\"><div class=\"wpb_text_column\"><div class=\"wpb_wrapper\"><h2>Mi historia<\/h2>\n<\/div><\/div><div class=\"w-separator size_medium\"><\/div><div class=\"wpb_text_column us_custom_e181ea91\"><div class=\"wpb_wrapper\"><p>La iniciativa de abrir un centro de audiolog\u00eda en Caldes la tomamos justo en el tiempo de la pandemia. Era un momento en el que era necesario dar respuesta y actuar con rapidez a las necesidades de la poblaci\u00f3n que no pod\u00eda desplazarse para ser atender sus necesidades auditivas. Hac\u00eda unos a\u00f1os que trabajaba en Barcelona en algunos de los centros auditivos m\u00e1s reconocidos y en varias ocasiones me encontr\u00e9 con tener que revisar y aconsejar a conocidos del pueblo que hab\u00edan adquirido productos poco adecuados o con dificultades de adaptaci\u00f3n.<\/p>\n<p>Al darnos cuenta de esta situaci\u00f3n nos hizo tomar conciencia de la carencia de un centro auditivo especializado para ofrecer acompa\u00f1amiento y proximidad a Caldes de Montbui que ofreciera los servicios tambi\u00e9n en las poblaciones de los alrededores.<\/p>\n<\/div><\/div><\/div><\/div><div class=\"wpb_column vc_column_container us_custom_dfb07755 has_bg_color type_sticky\"><div class=\"vc_column-inner\"><\/div><\/div><\/div><\/div><\/section>\n","protected":false},"excerpt":{"rendered":"A dos pasosSituado en medio del pueblo, Smart So es el centro de salud auditiva de referencia en Caldes de Montbui y cercan\u00edas. Creemos que uno de los puntos importantes a tener en cuenta es la proximidad a la hora de elegir el centro auditivo. \u00bfPor qu\u00e9? Pues porque entre otros aspectos, los aud\u00edfonos necesitan...","protected":false},"author":1,"featured_media":0,"parent":0,"menu_order":0,"comment_status":"closed","ping_status":"closed","template":"","meta":{"_joinchat":[],"footnotes":""},"class_list":["post-926","page","type-page","status-publish","hentry"],"yoast_head":"<!-- This site is optimized with the Yoast SEO plugin v27.2 - https:\/\/yoast.com\/product\/yoast-seo-wordpress\/ -->\n<title>A dos pasos - Smart So<\/title>\n<meta name=\"description\" content=\"Centro auditivo en Caldes de Montbui: proximidad en el mantenimiento de los aud\u00edfonos. Disfruta de tu felicidad auditiva.\" \/>\n<meta name=\"robots\" content=\"index, follow, max-snippet:-1, max-image-preview:large, max-video-preview:-1\" \/>\n<link rel=\"canonical\" href=\"https:\/\/www.smartso.net\/es\/a-dos-pasos\/\" \/>\n<meta property=\"og:locale\" content=\"es_ES\" \/>\n<meta property=\"og:type\" content=\"article\" \/>\n<meta property=\"og:title\" content=\"A dos pasos - Smart So\" \/>\n<meta property=\"og:description\" content=\"Centro auditivo en Caldes de Montbui: proximidad en el mantenimiento de los aud\u00edfonos. Disfruta de tu felicidad auditiva.\" \/>\n<meta property=\"og:url\" content=\"https:\/\/www.smartso.net\/es\/a-dos-pasos\/\" \/>\n<meta property=\"og:site_name\" content=\"Smart So\" \/>\n<meta property=\"article:modified_time\" content=\"2023-08-01T05:56:09+00:00\" \/>\n<script type=\"application\/ld+json\" class=\"yoast-schema-graph\">{\"@context\":\"https:\/\/schema.org\",\"@graph\":[{\"@type\":\"WebPage\",\"@id\":\"https:\/\/www.smartso.net\/es\/a-dos-pasos\/\",\"url\":\"https:\/\/www.smartso.net\/es\/a-dos-pasos\/\",\"name\":\"A dos pasos - Smart So\",\"isPartOf\":{\"@id\":\"https:\/\/www.smartso.net\/#website\"},\"datePublished\":\"2023-06-16T08:00:55+00:00\",\"dateModified\":\"2023-08-01T05:56:09+00:00\",\"description\":\"Centro auditivo en Caldes de Montbui: proximidad en el mantenimiento de los aud\u00edfonos. Disfruta de tu felicidad auditiva.\",\"breadcrumb\":{\"@id\":\"https:\/\/www.smartso.net\/es\/a-dos-pasos\/#breadcrumb\"},\"inLanguage\":\"es\",\"potentialAction\":[{\"@type\":\"ReadAction\",\"target\":[\"https:\/\/www.smartso.net\/es\/a-dos-pasos\/\"]}]},{\"@type\":\"BreadcrumbList\",\"@id\":\"https:\/\/www.smartso.net\/es\/a-dos-pasos\/#breadcrumb\",\"itemListElement\":[{\"@type\":\"ListItem\",\"position\":1,\"name\":\"Inici\",\"item\":\"https:\/\/www.smartso.net\/es\/\"},{\"@type\":\"ListItem\",\"position\":2,\"name\":\"A dos pasos\"}]},{\"@type\":\"WebSite\",\"@id\":\"https:\/\/www.smartso.net\/#website\",\"url\":\"https:\/\/www.smartso.net\/\",\"name\":\"Smart So\",\"description\":\"Centre d&#039;audiologia a Caldes de Montbui\",\"potentialAction\":[{\"@type\":\"SearchAction\",\"target\":{\"@type\":\"EntryPoint\",\"urlTemplate\":\"https:\/\/www.smartso.net\/?s={search_term_string}\"},\"query-input\":{\"@type\":\"PropertyValueSpecification\",\"valueRequired\":true,\"valueName\":\"search_term_string\"}}],\"inLanguage\":\"es\"}]}<\/script>\n<!-- \/ Yoast SEO plugin. -->","yoast_head_json":{"title":"A dos pasos - Smart So","description":"Centro auditivo en Caldes de Montbui: proximidad en el mantenimiento de los aud\u00edfonos. Disfruta de tu felicidad auditiva.","robots":{"index":"index","follow":"follow","max-snippet":"max-snippet:-1","max-image-preview":"max-image-preview:large","max-video-preview":"max-video-preview:-1"},"canonical":"https:\/\/www.smartso.net\/es\/a-dos-pasos\/","og_locale":"es_ES","og_type":"article","og_title":"A dos pasos - Smart So","og_description":"Centro auditivo en Caldes de Montbui: proximidad en el mantenimiento de los aud\u00edfonos. Disfruta de tu felicidad auditiva.","og_url":"https:\/\/www.smartso.net\/es\/a-dos-pasos\/","og_site_name":"Smart So","article_modified_time":"2023-08-01T05:56:09+00:00","schema":{"@context":"https:\/\/schema.org","@graph":[{"@type":"WebPage","@id":"https:\/\/www.smartso.net\/es\/a-dos-pasos\/","url":"https:\/\/www.smartso.net\/es\/a-dos-pasos\/","name":"A dos pasos - Smart So","isPartOf":{"@id":"https:\/\/www.smartso.net\/#website"},"datePublished":"2023-06-16T08:00:55+00:00","dateModified":"2023-08-01T05:56:09+00:00","description":"Centro auditivo en Caldes de Montbui: proximidad en el mantenimiento de los aud\u00edfonos. Disfruta de tu felicidad auditiva.","breadcrumb":{"@id":"https:\/\/www.smartso.net\/es\/a-dos-pasos\/#breadcrumb"},"inLanguage":"es","potentialAction":[{"@type":"ReadAction","target":["https:\/\/www.smartso.net\/es\/a-dos-pasos\/"]}]},{"@type":"BreadcrumbList","@id":"https:\/\/www.smartso.net\/es\/a-dos-pasos\/#breadcrumb","itemListElement":[{"@type":"ListItem","position":1,"name":"Inici","item":"https:\/\/www.smartso.net\/es\/"},{"@type":"ListItem","position":2,"name":"A dos pasos"}]},{"@type":"WebSite","@id":"https:\/\/www.smartso.net\/#website","url":"https:\/\/www.smartso.net\/","name":"Smart So","description":"Centre d&#039;audiologia a Caldes de Montbui","potentialAction":[{"@type":"SearchAction","target":{"@type":"EntryPoint","urlTemplate":"https:\/\/www.smartso.net\/?s={search_term_string}"},"query-input":{"@type":"PropertyValueSpecification","valueRequired":true,"valueName":"search_term_string"}}],"inLanguage":"es"}]}},"_links":{"self":[{"href":"https:\/\/www.smartso.net\/es\/wp-json\/wp\/v2\/pages\/926","targetHints":{"allow":["GET"]}}],"collection":[{"href":"https:\/\/www.smartso.net\/es\/wp-json\/wp\/v2\/pages"}],"about":[{"href":"https:\/\/www.smartso.net\/es\/wp-json\/wp\/v2\/types\/page"}],"author":[{"embeddable":true,"href":"https:\/\/www.smartso.net\/es\/wp-json\/wp\/v2\/users\/1"}],"replies":[{"embeddable":true,"href":"https:\/\/www.smartso.net\/es\/wp-json\/wp\/v2\/comments?post=926"}],"version-history":[{"count":5,"href":"https:\/\/www.smartso.net\/es\/wp-json\/wp\/v2\/pages\/926\/revisions"}],"predecessor-version":[{"id":1106,"href":"https:\/\/www.smartso.net\/es\/wp-json\/wp\/v2\/pages\/926\/revisions\/1106"}],"wp:attachment":[{"href":"https:\/\/www.smartso.net\/es\/wp-json\/wp\/v2\/media?parent=926"}],"curies":[{"name":"wp","href":"https:\/\/api.w.org\/{rel}","templated":true}]}}