{"id":942,"date":"2023-06-01T10:26:03","date_gmt":"2023-06-01T08:26:03","guid":{"rendered":"https:\/\/www.smartso.net\/politica-de-privacidad\/"},"modified":"2023-07-20T10:07:05","modified_gmt":"2023-07-20T08:07:05","slug":"politica-de-privacidad","status":"publish","type":"page","link":"https:\/\/www.smartso.net\/es\/politica-de-privacidad\/","title":{"rendered":"Pol\u00edtica de privacidad"},"content":{"rendered":"<section class=\"l-section wpb_row height_custom\"><div class=\"l-section-h i-cf\"><div class=\"g-cols vc_row via_grid cols_1 laptops-cols_inherit tablets-cols_inherit mobiles-cols_1 valign_top type_default stacking_default\"><div class=\"wpb_column vc_column_container\"><div class=\"vc_column-inner\"><div class=\"wpb_text_column\"><div class=\"wpb_wrapper\"><h1>Pol\u00edtica de privacidad<\/h1>\n<h2>INTRODUCCI\u00d3N<\/h2>\n<p>Su privacidad es importante para nosotros, as\u00ed que mediante este documento le explicamos qu\u00e9 datos recopilamos de los usuarios, c\u00f3mo los utilizamos y para qu\u00e9 fines, entre otras indicaciones. Los mayores de 14 a\u00f1os podr\u00e1n registrarse como usuarios sin previo consentimiento de sus padres, tutores o representantes legales. En caso de menores de 14 a\u00f1os o identificados como \u201cincapaces legalmente\u201d, siempre necesitaremos del consentimiento paterno, o del tutor\/ao representante legal.<\/p>\n<p>Para su informaci\u00f3n, nunca solicitaremos m\u00e1s informaci\u00f3n de la que realmente necesitaremos para los servicios requeridos; nunca la compartiremos con terceros, excepto por obligaci\u00f3n legal o previa autorizaci\u00f3n; y nunca utilizaremos sus datos para otra finalidad no indicada previamente.<\/p>\n<p>Como usuario, deber\u00e1 leer atentamente esta Pol\u00edtica de privacidad de forma regular, y siempre que introduzca sus datos personales, ya que este documento puede sufrir modificaciones porque el prestamista puede modificar cualquier tipo de informaci\u00f3n que pudiera aparecer en la web para cumplir con la normativa o actualizar la pol\u00edtica, y sin que exista la obligaci\u00f3n de preavisar o poner en conocimiento de los usuarios estas obligaciones, siendo suficientes la publicaci\u00f3n en el sitio web del prestamista.<\/p>\n<h2>RESPONSABLE DEL TRATAMIENTO:<\/h2>\n<p><strong>Identidad:<\/strong> SMART SONIDO (tambi\u00e9n el prestamista: Antoni Grau Giner)<br \/>\n<strong>NIF:<\/strong>52164253T<br \/>\n<strong>Direcci\u00f3n postal:<\/strong> Sant Pau 60, Caldes de Montbui<br \/>\n<strong>Correo electr\u00f3nico<\/strong>: toni@smartso.net<\/p>\n<p><strong>SMART SO<\/strong>, como responsable del Sitio web, de conformidad con lo dispuesto en el Reglamento (UE) 2016\/679 de 27 de abril de 2016 (RGPD), la Ley Org\u00e1nica 3\/2018 de 5 de diciembre (LOPDGDD) y dem\u00e1s normativa legal vigente en materia de protecci\u00f3n de datos personales, y por la Ley 34\/2002, de 11 de julio, de Servicios de la Sociedad de la Informaci\u00f3n y del Comercio Electr\u00f3nico (LSSICE), le informa que tiene implementadas las medidas de seguridad necesarias, de \u00edndole t\u00e9cnica y organizativas, para garantizar y proteger la confidencialidad, integridad y disponibilidad de los datos introducidos.<\/p>\n<p><strong>M\u00c9TODO DE OBTENCI\u00d3N DE LOS DATOS y DATOS QUE RECAPTAMOS:<\/strong> Los datos que recogemos y la forma en que los obtenemos es el siguiente:<br \/>\n1. mediante el formulario de contacto: nombre, email, edad, tel\u00e9fono,<br \/>\nNo se tratan categor\u00edas de datos especialmente protegidas.<\/p>\n<h2>FINALIDAD DEL TRATAMIENTO:<\/h2>\n<p>Sus datos personales s\u00f3lo se utilizar\u00e1n para las siguientes finalidades, prestando su consentimiento para cada una de las finalidades en el apartado correspondiente de la web:<\/p>\n<ol>\n<li>formulario de contacto: para responder a las consultas y\/o proporcionar informaciones requeridas por el Usuario;<\/li>\n<li>Otras finalidades:\n<ul>\n<li>Realizar las gestiones comerciales, administrativas, fiscales, contables que sean necesarias en virtud de la legislaci\u00f3n vigente;<\/li>\n<li>Conocer su opini\u00f3n y mejorar los servicios prestados por la web;<\/li>\n<li>Realizaci\u00f3n de an\u00e1lisis de perfiles y de usabilidad de la web, a trav\u00e9s de las cookies (mencionadas en la pol\u00edtica de cookies)<\/li>\n<li>Redes sociales: en el apartado correspondiente se especifica el uso de las redes sociales<\/li>\n<\/ul>\n<\/li>\n<\/ol>\n<p>USO FOTOGRAF\u00cdAS: Las fotograf\u00edas que est\u00e9n colgadas en la web son propiedad de SMART SO, incluyendo las de los menores, en las que, para la obtenci\u00f3n de \u00e9stas, se ha obtenido el consentimiento previo de los padres, tutores o representantes legales mediante la firma de los formularios realizados al efecto por los centros en los que los menores forman parte. Sin embargo, los padres, tutores o representantes de los menores, como titulares del ejercicio de los derechos de \u00e9stos, y siempre previo requerimiento formal por escrito, pueden indicar la negativa al uso de la imagen del menor; en este caso, la imagen se mostrar\u00e1 pixelada.<\/p>\n<p>Puede revocar en cualquier momento su consentimiento remitiendo un escrito con el asunto \u201cBaja\u201d al EMAIL.<\/p>\n<p>De acuerdo con la LSSICE, SMART SO no realiza pr\u00e1cticas de SPAM, por tanto, no env\u00eda correos comerciales por e-mail que no hayan sido previamente solicitados o autorizados por el Usuario. En consecuencia, en todas las comunicaciones que recibir\u00e1 del prestamista, el usuario tiene la posibilidad de cancelar su consentimiento expreso para recibir nuestras comunicaciones.<br \/>\nNo trataremos sus datos personales para ninguna otra finalidad de las descritas salvo por obligaci\u00f3n legal o requerimiento judicial.<br \/>\nNo ser\u00e1 objeto de decisiones basadas en tratamientos automatizados que produzcan efectos sobre sus datos.<\/p>\n<h2>LEGITIMACI\u00d3N DEL TRATAMIENTO<\/h2>\n<p>La base legal para el tratamiento de los datos es su consentimiento otorgado en el momento de dar sus datos en el formulario correspondiente para llevar a cabo las finalidades, en el momento de marcaci\u00f3n de la casilla de verificaci\u00f3n.<\/p>\n<p>La oferta prospectiva o comercial de productos y servicios est\u00e1 basada en el consentimiento que se le solicita, sin que en ning\u00fan caso la retirada de este consentimiento condicione la ejecuci\u00f3n del contrato de suscripci\u00f3n.<\/p>\n<p>El no facilitar los datos personales solicitados o no aceptar la presente pol\u00edtica de privacidad supone la imposibilidad de conseguir las finalidades anteriormente descritas.<br \/>\nEn los casos en que exista una previa relaci\u00f3n contractual entre las partes, la legitimaci\u00f3n para el desarrollo de las obligaciones administrativas, fiscales, contables y laborales que sean necesarias en virtud de la legislaci\u00f3n vigente ser\u00e1 <strong>la existencia previa de la relaci\u00f3n comercial<\/strong> establecida entre las partes.<\/p>\n<h2>PLAZO DE CONSERVACI\u00d3N DE LOS DATOS:<\/h2>\n<p>Sus datos se conservar\u00e1n mientras dure la relaci\u00f3n comercial con nosotros o ejerza su derecho de cancelaci\u00f3n u oposici\u00f3n, o limitaci\u00f3n al tratamiento. Sin embargo, conservaremos sus datos en los plazos legalmente previstos en las disposiciones aplicables.<\/p>\n<h2>DESTINATARIOS DE CESIONES O TRANSFERENCIAS:<\/h2>\n<p>SMART SO no lleva a cabo ninguna cesi\u00f3n o comunicaci\u00f3n de datos ni dentro ni fuera de la UE. El prestamista \u00fanicamente facilitar\u00e1 informaci\u00f3n a las fuerzas y cuerpos de seguridad bajo orden judicial o por obligaci\u00f3n de una norma legal, sin perjuicio de poder bloquear o cancelar su cuenta si puede haber indicios de la comisi\u00f3n de alg\u00fan delito por parte del usuario. La informaci\u00f3n facilitada ser\u00e1 s\u00f3lo la que disponga en ese momento el prestamista.<\/p>\n<p>La informaci\u00f3n que usted nos proporcione tanto a trav\u00e9s de este sitio web ser\u00e1 alojada en los servidores de SMART SO, contratados en la empresa que presta el servicio de alojamiento de la web. El tratamiento de los datos de la entidad se encuentra regulado mediante un contrato de encargado del tratamiento entre el prestamista y esta empresa. En ning\u00fan caso este encargado del tratamiento subcontratar\u00e1 servicios que comporten alg\u00fan tratamiento de datos por terceros sin nuestro previo consentimiento.<\/p>\n<h2>DERECHOS DE LAS PERSONAS INTERESADAS:<\/h2>\n<p>Como usuario-interesado, puede solicitar el ejercicio de los siguientes derechos ante SMART SO presentando un escrito a la direcci\u00f3n postal del encabezamiento o enviando un correo electr\u00f3nico a toni@smartso.net, indicando como Asunto: \u201cPROTECCI\u00d3N DE DATOS: DERECHOS DE LOS INTERESADOS\u201d, y adjuntando fotocopia de su DNI o cualquier medio an\u00e1logo en derecho, tal y como indica la ley.<\/p>\n<p>Derechos:<\/p>\n<ul>\n<li><strong>Derecho de acceso:<\/strong> permite al interesado conocer y obtener informaci\u00f3n sobre sus datos de car\u00e1cter personal sometidos a tratamiento.<\/li>\n<li><strong>Derecho de rectificaci\u00f3n o supresi\u00f3n:<\/strong> permite corregir errores y modificar los datos que resulten ser inexactos o incompletos.<\/li>\n<li><strong>Derecho de cancelaci\u00f3n:<\/strong> permite que se supriman los datos que sean inadecuados o excesivos.<\/li>\n<li><strong>Derecho de oposici\u00f3n:<\/strong> derecho del interesado a que no se lleve a cabo el tratamiento de sus datos de car\u00e1cter personal o se cese en el mismo<\/li>\n<li><strong>Limitaci\u00f3n del tratamiento:<\/strong> comporta el marcado de los datos personales conservados, con el fin de limitar su futuro tratamiento, para el ejercicio o defensa de reclamaciones.<\/li>\n<li><strong>Portabilidad de los datos:<\/strong> facilitaci\u00f3n de los datos objeto de tratamiento al interesado, a fin de que \u00e9ste pueda transmitir a otro responsable, sin impedimentos.<\/li>\n<li><strong>Derecho a no ser objeto de decisiones individuales automatizadas (incluida la elaboraci\u00f3n de perfiles):<\/strong> derecho a no ser objeto de una decisi\u00f3n basada en el tratamiento automatizado que produzca efectos o afecte significativamente.<\/li>\n<\/ul>\n<p>Como usuario, tiene derecho a retirar el consentimiento dado en cualquier momento. La retirada del consentimiento no afectar\u00e1 a la licitud del tratamiento efectuado antes de la retirada del consentimiento.<br \/>\nTambi\u00e9n tiene derecho a presentar una reclamaci\u00f3n ante la autoridad de control si considera que pueden haberse visto vulnerados sus derechos en relaci\u00f3n con la protecci\u00f3n de sus datos (aepd.es).<\/p>\n<h2>MEDIDAS DE SEGURIDAD:<\/h2>\n<p>Los datos que nos facilite se tratar\u00e1n de forma confidencial. El prestamista ha adoptado todas las medidas t\u00e9cnicas y organizativas y todos los niveles de protecci\u00f3n necesarios para garantizar la seguridad en el tratamiento de los datos y evitar su alteraci\u00f3n, p\u00e9rdida, robo, tratamiento o acceso no autorizado, de acuerdo el estado de la tecnolog\u00eda y naturaleza de los datos almacenados. Asimismo, se garantiza tambi\u00e9n que el tratamiento y registro en ficheros, programas, sistemas o equipos, locales y centros cumplen con los requisitos y condiciones de integridad y seguridad establecidas en la normativa vigente.<\/p>\n<h2>IDIOMA<\/h2>\n<p>El idioma aplicable a esta pol\u00edtica de privacidad es el espa\u00f1ol. Por tanto, en caso de que hubiera alguna contradicci\u00f3n en alguna de las versiones facilitadas en otros idiomas, prevalecer\u00e1 la versi\u00f3n en castellano.<\/p>\n<h2>AN\u00c1LISIS DE PERFILES<\/h2>\n<p>La informaci\u00f3n facilitada en los diferentes formularios, durante la interacci\u00f3n con la web y cualquier otro dato facilitado durante la navegaci\u00f3n, incluyendo la informaci\u00f3n suministrada por las cookies en relaci\u00f3n a los h\u00e1bitos de navegaci\u00f3n, comporta la aceptaci\u00f3n al tratamiento de estos datos, a fin de de ser segmentados o categorizados con el fin de aplicarlos a la actividad relacionada con la gesti\u00f3n de administraci\u00f3n general, informaci\u00f3n, comercializaci\u00f3n de espacios publicitarios, elaborar perfiles, an\u00e1lisis de propuestas solicitadas por los usuarios\/clientes, estudio estad\u00edstico servicios y contenidos utilizados, gustos y preferencias, encuestas o formularios. Los datos utilizados en la elaboraci\u00f3n de estos perfiles no son datos que permitan identificar a los usuarios sino que s\u00f3lo muestran en una gr\u00e1fica el tipo de p\u00fablico que interact\u00faa con la web, edad, pa\u00eds, g\u00e9nero, etc.<br \/>\nEl usuario que acceda a esta web, consiente expl\u00edcitamente la utilizaci\u00f3n de esta informaci\u00f3n gen\u00e9rica para tareas de elaboraci\u00f3n de perfiles, segmentaci\u00f3n y categorizaci\u00f3n de datos para las finalidades descritas en el apartado anterior.<\/p>\n<h2>REDES SOCIALES<\/h2>\n<p>Le informamos que SMARTO SO puede tener presencia en redes sociales. El tratamiento de los datos que se lleve a cabo de las personas que se hagan seguidoras en las redes sociales (y\/o realicen cualquier v\u00ednculo o acci\u00f3n de conexi\u00f3n a trav\u00e9s de las redes sociales) de las p\u00e1ginas oficiales de SMART SO se regir\u00e1 por \u00e9ste apartado, as\u00ed como por aquellas condiciones de uso, pol\u00edticas de privacidad y normativas de acceso que pertenezcan a la red social que proceda en cada caso y aceptadas previamente por el usuario.<\/p>\n<p>SMART SO tratar\u00e1 sus datos con los fines de administrar correctamente su presencia en la red social, informando de actividades, productos o servicios del prestamista, as\u00ed como para cualquier otra finalidad que las normativas de las Redes Sociales permitan.<\/p>\n<p>Queda prohibida la publicaci\u00f3n de contenidos:<\/p>\n<ul>\n<li>Que sean presuntamente il\u00edcitos por la normativa nacional, comunitaria o internacional o que realicen actividades presuntamente il\u00edcitas o contravengan los principios de la buena fe.<\/li>\n<li>Que atenten contra los derechos fundamentales de las personas, falten a la cortes\u00eda en la red, molesten o puedan generar opiniones negativas en nuestros usuarios o terceros y en general cualesquiera sean los contenidos que SMART SO considere inapropiados.<\/li>\n<li>Y por lo general que contravengan los principios de legalidad, honradez, responsabilidad, protecci\u00f3n de la dignidad humana, protecci\u00f3n de menores, protecci\u00f3n del orden p\u00fablico, la protecci\u00f3n de la vida privada, la protecci\u00f3n del consumidor y los derechos de propiedad intelectual e industrial.<\/li>\n<\/ul>\n<p>Asimismo, SMART SO se reserva la potestad de retirar, sin previo aviso del sitio web o de la red social corporativa, aquellos contenidos que se consideren inadecuados.<\/p>\n<p>En cualquier caso, si Usted. remite informaci\u00f3n personal a trav\u00e9s de la red social, SMART SO quedar\u00e1 exento de responsabilidad en relaci\u00f3n a las medidas de seguridad aplicables a la presente plataforma y el usuario, en caso de querer conocerlas, debe consultar las correspondientes condiciones particulares de la red en cuesti\u00f3n.<\/p>\n<h2>CAMBIOS EN LA PRESENTE POL\u00cdTICA DE PRIVACIDAD:PRESENTE POL\u00cdTICA DE PRIVACIDAD:T:<\/h2>\n<p>SMART SO, se reserva el derecho a modificar la presente pol\u00edtica para adaptarla a novedades legislativas o jurisprudenciales.slatives o jurisprudencials.<\/p>\n<h2>REVOCABILIDAD<\/h2>\n<p>El consentimiento prestado, tanto por el tratamiento como por la cesi\u00f3n de los datos de los interesados, es revocable en cualquier momento comunic\u00e1ndolo a SMART SO en los t\u00e9rminos establecidos en esta Pol\u00edtica para el ejercicio de los derechos. Esta revocaci\u00f3n en ning\u00fan caso tendr\u00e1 car\u00e1cter retroactivo.<\/p>\n<h2>LEGISLACI\u00d3N<\/h2>\n<p>A todos los efectos las relaciones entre SMART SO con los Usuarios de sus servicios telem\u00e1ticos, presentes en esta web, est\u00e1n sometidos a la legislaci\u00f3n y jurisdicci\u00f3n espa\u00f1ola a la que se someten expresamente las partes, siendo competentes para la resoluci\u00f3n de todos los conflictos derivados o relacionados con su uso los Juzgados y Tribunales de Barcelona.<\/p>\n<\/div><\/div><\/div><\/div><\/div><\/div><\/section>\n","protected":false},"excerpt":{"rendered":"Pol\u00edtica de privacidad INTRODUCCI\u00d3N Su privacidad es importante para nosotros, as\u00ed que mediante este documento le explicamos qu\u00e9 datos recopilamos de los usuarios, c\u00f3mo los utilizamos y para qu\u00e9 fines, entre otras indicaciones. Los mayores de 14 a\u00f1os podr\u00e1n registrarse como usuarios sin previo consentimiento de sus padres, tutores o representantes legales. En caso de...","protected":false},"author":1,"featured_media":0,"parent":0,"menu_order":0,"comment_status":"closed","ping_status":"closed","template":"","meta":{"_joinchat":[],"footnotes":""},"class_list":["post-942","page","type-page","status-publish","hentry"],"yoast_head":"<!-- This site is optimized with the Yoast SEO plugin v27.2 - https:\/\/yoast.com\/product\/yoast-seo-wordpress\/ -->\n<title>Pol\u00edtica de privacidad - Smart So<\/title>\n<meta name=\"robots\" content=\"noindex, nofollow\" \/>\n<meta property=\"og:locale\" content=\"es_ES\" \/>\n<meta property=\"og:type\" content=\"article\" \/>\n<meta property=\"og:title\" content=\"Pol\u00edtica de privacidad - Smart So\" \/>\n<meta property=\"og:url\" content=\"https:\/\/www.smartso.net\/es\/politica-de-privacidad\/\" \/>\n<meta property=\"og:site_name\" content=\"Smart So\" \/>\n<meta property=\"article:modified_time\" content=\"2023-07-20T08:07:05+00:00\" \/>\n<script type=\"application\/ld+json\" class=\"yoast-schema-graph\">{\"@context\":\"https:\/\/schema.org\",\"@graph\":[{\"@type\":\"WebPage\",\"@id\":\"https:\/\/www.smartso.net\/es\/politica-de-privacidad\/\",\"url\":\"https:\/\/www.smartso.net\/es\/politica-de-privacidad\/\",\"name\":\"Pol\u00edtica de privacidad - Smart So\",\"isPartOf\":{\"@id\":\"https:\/\/www.smartso.net\/#website\"},\"datePublished\":\"2023-06-01T08:26:03+00:00\",\"dateModified\":\"2023-07-20T08:07:05+00:00\",\"breadcrumb\":{\"@id\":\"https:\/\/www.smartso.net\/es\/politica-de-privacidad\/#breadcrumb\"},\"inLanguage\":\"es\",\"potentialAction\":[{\"@type\":\"ReadAction\",\"target\":[\"https:\/\/www.smartso.net\/es\/politica-de-privacidad\/\"]}]},{\"@type\":\"BreadcrumbList\",\"@id\":\"https:\/\/www.smartso.net\/es\/politica-de-privacidad\/#breadcrumb\",\"itemListElement\":[{\"@type\":\"ListItem\",\"position\":1,\"name\":\"Inici\",\"item\":\"https:\/\/www.smartso.net\/es\/\"},{\"@type\":\"ListItem\",\"position\":2,\"name\":\"Pol\u00edtica de privacidad\"}]},{\"@type\":\"WebSite\",\"@id\":\"https:\/\/www.smartso.net\/#website\",\"url\":\"https:\/\/www.smartso.net\/\",\"name\":\"Smart So\",\"description\":\"Centre d&#039;audiologia a Caldes de Montbui\",\"potentialAction\":[{\"@type\":\"SearchAction\",\"target\":{\"@type\":\"EntryPoint\",\"urlTemplate\":\"https:\/\/www.smartso.net\/?s={search_term_string}\"},\"query-input\":{\"@type\":\"PropertyValueSpecification\",\"valueRequired\":true,\"valueName\":\"search_term_string\"}}],\"inLanguage\":\"es\"}]}<\/script>\n<!-- \/ Yoast SEO plugin. -->","yoast_head_json":{"title":"Pol\u00edtica de privacidad - Smart So","robots":{"index":"noindex","follow":"nofollow"},"og_locale":"es_ES","og_type":"article","og_title":"Pol\u00edtica de privacidad - Smart So","og_url":"https:\/\/www.smartso.net\/es\/politica-de-privacidad\/","og_site_name":"Smart So","article_modified_time":"2023-07-20T08:07:05+00:00","schema":{"@context":"https:\/\/schema.org","@graph":[{"@type":"WebPage","@id":"https:\/\/www.smartso.net\/es\/politica-de-privacidad\/","url":"https:\/\/www.smartso.net\/es\/politica-de-privacidad\/","name":"Pol\u00edtica de privacidad - Smart So","isPartOf":{"@id":"https:\/\/www.smartso.net\/#website"},"datePublished":"2023-06-01T08:26:03+00:00","dateModified":"2023-07-20T08:07:05+00:00","breadcrumb":{"@id":"https:\/\/www.smartso.net\/es\/politica-de-privacidad\/#breadcrumb"},"inLanguage":"es","potentialAction":[{"@type":"ReadAction","target":["https:\/\/www.smartso.net\/es\/politica-de-privacidad\/"]}]},{"@type":"BreadcrumbList","@id":"https:\/\/www.smartso.net\/es\/politica-de-privacidad\/#breadcrumb","itemListElement":[{"@type":"ListItem","position":1,"name":"Inici","item":"https:\/\/www.smartso.net\/es\/"},{"@type":"ListItem","position":2,"name":"Pol\u00edtica de privacidad"}]},{"@type":"WebSite","@id":"https:\/\/www.smartso.net\/#website","url":"https:\/\/www.smartso.net\/","name":"Smart So","description":"Centre d&#039;audiologia a Caldes de Montbui","potentialAction":[{"@type":"SearchAction","target":{"@type":"EntryPoint","urlTemplate":"https:\/\/www.smartso.net\/?s={search_term_string}"},"query-input":{"@type":"PropertyValueSpecification","valueRequired":true,"valueName":"search_term_string"}}],"inLanguage":"es"}]}},"_links":{"self":[{"href":"https:\/\/www.smartso.net\/es\/wp-json\/wp\/v2\/pages\/942","targetHints":{"allow":["GET"]}}],"collection":[{"href":"https:\/\/www.smartso.net\/es\/wp-json\/wp\/v2\/pages"}],"about":[{"href":"https:\/\/www.smartso.net\/es\/wp-json\/wp\/v2\/types\/page"}],"author":[{"embeddable":true,"href":"https:\/\/www.smartso.net\/es\/wp-json\/wp\/v2\/users\/1"}],"replies":[{"embeddable":true,"href":"https:\/\/www.smartso.net\/es\/wp-json\/wp\/v2\/comments?post=942"}],"version-history":[{"count":5,"href":"https:\/\/www.smartso.net\/es\/wp-json\/wp\/v2\/pages\/942\/revisions"}],"predecessor-version":[{"id":1092,"href":"https:\/\/www.smartso.net\/es\/wp-json\/wp\/v2\/pages\/942\/revisions\/1092"}],"wp:attachment":[{"href":"https:\/\/www.smartso.net\/es\/wp-json\/wp\/v2\/media?parent=942"}],"curies":[{"name":"wp","href":"https:\/\/api.w.org\/{rel}","templated":true}]}}