{"id":945,"date":"2023-06-15T16:55:17","date_gmt":"2023-06-15T14:55:17","guid":{"rendered":"https:\/\/www.smartso.net\/servicios-de-audiologia\/"},"modified":"2023-07-14T12:53:28","modified_gmt":"2023-07-14T10:53:28","slug":"servicios-de-audiologia","status":"publish","type":"page","link":"https:\/\/www.smartso.net\/es\/servicios-de-audiologia\/","title":{"rendered":"Servicios de audiolog\u00eda"},"content":{"rendered":"<section class=\"l-section wpb_row height_custom with_img\"><div class=\"l-section-img\" role=\"img\" aria-label=\"Imagen\" data-img-width=\"2048\" data-img-height=\"1536\" style=\"background-image: url(https:\/\/www.smartso.net\/wp-content\/uploads\/2023\/07\/PHOTO-2023-05-05-10-19-48.jpg);background-repeat: no-repeat;\"><\/div><div class=\"l-section-overlay\" style=\"background:var(--color-content-overlay)\"><\/div><div class=\"l-section-h i-cf\"><div class=\"g-cols vc_row via_grid cols_1 laptops-cols_inherit tablets-cols_inherit mobiles-cols_1 valign_top type_default stacking_default\"><div class=\"wpb_column vc_column_container\"><div class=\"vc_column-inner\"><div class=\"g-cols wpb_row via_grid cols_2-1 laptops-cols_inherit tablets-cols_inherit mobiles-cols_1 valign_top type_default stacking_default\" style=\"--columns-gap:3rem;\"><div class=\"wpb_column vc_column_container\"><div class=\"vc_column-inner\"><h1 class=\"w-post-elm post_title us_custom_3fb96a03 has_text_color entry-title color_link_inherit\">Servicios de audiolog\u00eda<\/h1><div class=\"wpb_text_column us_custom_ba6721b4 has_text_color\"><div class=\"wpb_wrapper\"><div class=\"flex-1 overflow-hidden\">\n<div class=\"react-scroll-to-bottom--css-ummbd-79elbk h-full dark:bg-gray-800\">\n<div class=\"react-scroll-to-bottom--css-ummbd-1n7m0yu\">\n<div class=\"flex flex-col text-sm dark:bg-gray-800\">\n<div class=\"group w-full text-gray-800 dark:text-gray-100 border-b border-black\/10 dark:border-gray-900\/50 bg-gray-50 dark:bg-&#091;#444654&#093;\">\n<div class=\"flex p-4 gap-4 text-base md:gap-6 md:max-w-2xl lg:max-w-&#091;38rem&#093; xl:max-w-3xl md:py-6 lg:px-0 m-auto\">\n<div class=\"relative flex w-&#091;calc(100%-50px)&#093; flex-col gap-1 md:gap-3 lg:w-&#091;calc(100%-115px)&#093;\">\n<div class=\"flex flex-grow flex-col gap-3\">\n<div class=\"min-h-&#091;20px&#093; flex flex-col items-start gap-4 whitespace-pre-wrap break-words\">\n<div class=\"markdown prose w-full break-words dark:prose-invert light\">\n<p>En Smart So ofrecemos un servicio de audiolog\u00eda integral, personalizado, de m\u00e1xima calidad, que te acompa\u00f1ar\u00e1 en todos los procesos relacionados con la p\u00e9rdida auditiva. Desde la evaluaci\u00f3n inicial hasta la selecci\u00f3n y adaptaci\u00f3n de soluciones auditivas estamos comprometidos a proporcionarte una atenci\u00f3n integral y personalizada. Estoy aqu\u00ed para mejorar tu calidad de vida, ayud\u00e1ndote a redescubrir los maravillosos sonidos del mundo que nos rodea.<\/p>\n<\/div>\n<\/div>\n<\/div>\n<div class=\"flex justify-between lg:block\">\n<div class=\"text-gray-400 flex self-end lg:self-center justify-center mt-2 gap-2 md:gap-3 lg:gap-1 lg:absolute lg:top-0 lg:translate-x-full lg:right-0 lg:mt-0 lg:pl-2 visible\">\n<p>&nbsp;<\/p>\n<div class=\"flex gap-1\"><\/div>\n<\/div>\n<\/div>\n<\/div>\n<\/div>\n<\/div>\n<div class=\"h-32 md:h-48 flex-shrink-0\"><\/div>\n<\/div>\n<p>&nbsp;<\/p>\n<\/div>\n<\/div>\n<\/div>\n<div class=\"absolute bottom-0 left-0 w-full border-t md:border-t-0 dark:border-white\/20 md:border-transparent md:dark:border-transparent md:bg-vert-light-gradient bg-white dark:bg-gray-800 md:!bg-transparent dark:md:bg-vert-dark-gradient pt-2 md:-left-2\">\n<form class=\"stretch mx-2 flex flex-row gap-3 last:mb-2 md:mx-4 md:last:mb-6 lg:mx-auto lg:max-w-2xl xl:max-w-3xl\">\n<div class=\"relative flex h-full flex-1 items-stretch md:flex-col\" role=\"presentation\">\n<div class=\"\">\n<div class=\"h-full flex ml-1 md:w-full md:m-auto md:mb-2 gap-0 md:gap-2 justify-center\"><\/div>\n<\/div>\n<\/div>\n<\/form>\n<\/div>\n<\/div><\/div><\/div><\/div><div class=\"wpb_column vc_column_container\"><div class=\"vc_column-inner\"><\/div><\/div><\/div><\/div><\/div><\/div><\/div><\/section><section class=\"l-section wpb_row us_custom_4c77c721 height_custom\"><div class=\"l-section-h i-cf\"><div class=\"g-cols vc_row via_grid cols_3 laptops-cols_inherit tablets-cols_inherit mobiles-cols_1 valign_top type_default stacking_default\" style=\"--columns-gap:1.5rem;\"><div class=\"wpb_column vc_column_container\"><div class=\"vc_column-inner\"><div class=\"w-vwrapper us_custom_b5be3153 align_none valign_middle\" style=\"--vwrapper-gap:0.5rem\"><h2 class=\"w-text us_custom_49f317a8\"><span class=\"w-text-h\"><span class=\"w-text-value\">Estudio auditivo<\/span><\/span><\/h2><div class=\"wpb_text_column\"><div class=\"wpb_wrapper\"><p>Para mantener tu buena audici\u00f3n, hacemos estudios audi\u00f3logicos de forma peri\u00f3dica, as\u00ed llevamos un buen seguimiento.<\/p>\n<\/div><\/div><\/div><div class=\"w-separator size_small\"><\/div><div class=\"w-vwrapper us_custom_b5be3153 align_none valign_middle\" style=\"--vwrapper-gap:0.5rem\"><h2 class=\"w-text us_custom_49f317a8\"><span class=\"w-text-h\"><span class=\"w-text-value\">Mantenimiento y servicio<\/span><\/span><\/h2><div class=\"wpb_text_column\"><div class=\"wpb_wrapper\"><p>Comprobamos peri\u00f3dicamente el correcto funcionamiento de los aparatos, realizamos el mantenimiento, limpieza de muchos o cambio de tulipanes, cambio de filtros, limpieza de los aud\u00edfonos poniendo \u00e9nfasis en los micr\u00f3fonos\u2026 para disfrutar al 100% de tu audici\u00f3n.<\/p>\n<\/div><\/div><\/div><div class=\"w-separator size_small\"><\/div><div class=\"w-vwrapper us_custom_b5be3153 align_none valign_middle\" style=\"--vwrapper-gap:0.5rem\"><h2 class=\"w-text us_custom_49f317a8\"><span class=\"w-text-h\"><span class=\"w-text-value\">Aud\u00edfono de sustituci\u00f3n<\/span><\/span><\/h2><div class=\"wpb_text_column\"><div class=\"wpb_wrapper\"><p>En caso de que la reparaci\u00f3n de tu aud\u00edfono no se pueda realizar al instante, te lo sustituiremos por otro. Evitamos que nunca te quedes sin tu preciada audici\u00f3n.<\/p>\n<\/div><\/div><\/div><div class=\"w-separator size_small\"><\/div><div class=\"w-vwrapper us_custom_b5be3153 align_none valign_middle\" style=\"--vwrapper-gap:0.5rem\"><h2 class=\"w-text us_custom_49f317a8\"><span class=\"w-text-h\"><span class=\"w-text-value\">Con seguro<\/span><\/span><\/h2><div class=\"wpb_text_column\"><div class=\"wpb_wrapper\"><p>Los aud\u00edfonos incluyen un seguro que cubre la p\u00e9rdida, rotura y hasta el robo de los aud\u00edfonos. Te cubre el coste de los aud\u00edfonos un 80% durante el 1er a\u00f1o, un 70% el 2\u00ba a\u00f1o y un 60% el 3er a\u00f1o.<\/p>\n<\/div><\/div><\/div><\/div><\/div><div class=\"wpb_column vc_column_container\"><div class=\"vc_column-inner\"><div class=\"w-vwrapper us_custom_b5be3153 align_none valign_middle\" style=\"--vwrapper-gap:0.5rem\"><h2 class=\"w-text us_custom_49f317a8\"><span class=\"w-text-h\"><span class=\"w-text-value\">Visitas de audiolog\u00eda<\/span><\/span><\/h2><div class=\"wpb_text_column\"><div class=\"wpb_wrapper\"><p>Siempre que tengas dudas estamos dispuestos a escucharte y darte las respuestas para resolver cada situaci\u00f3n.<\/p>\n<\/div><\/div><\/div><div class=\"w-separator size_small\"><\/div><div class=\"w-vwrapper us_custom_b5be3153 align_none valign_middle\" style=\"--vwrapper-gap:0.5rem\"><h2 class=\"w-text us_custom_49f317a8\"><span class=\"w-text-h\"><span class=\"w-text-value\">Reparaciones multimarca<\/span><\/span><\/h2><div class=\"wpb_text_column\"><div class=\"wpb_wrapper\"><p>Disponemos del taller propio para reparar cualquier aud\u00edfono (siempre que el fabricante tenga los componentes). Si no es as\u00ed, te ofrezco alternativas.<\/p>\n<\/div><\/div><\/div><div class=\"w-separator size_small\"><\/div><div class=\"w-vwrapper us_custom_b5be3153 align_none valign_middle\" style=\"--vwrapper-gap:0.5rem\"><h2 class=\"w-text us_custom_49f317a8\"><span class=\"w-text-h\"><span class=\"w-text-value\">A domicilio<\/span><\/span><\/h2><div class=\"wpb_text_column\"><div class=\"wpb_wrapper\"><p>Soy consciente de que algunos de mis clientes tienen dificultades para desplazarse sin depender de un familiar. Por eso, me desplazo a tu domicilio para realizar cualquier tipo de reparaci\u00f3n, ajuste o mantenimiento que convenga hacer.<\/p>\n<\/div><\/div><\/div><div class=\"w-separator size_small\"><\/div><div class=\"w-vwrapper us_custom_b5be3153 align_none valign_middle\" style=\"--vwrapper-gap:0.5rem\"><h2 class=\"w-text us_custom_49f317a8\"><span class=\"w-text-h\"><span class=\"w-text-value\">Financiaci\u00f3n<\/span><\/span><\/h2><div class=\"wpb_text_column\"><div class=\"wpb_wrapper\"><p>Somos conscientes de que el precio de los aud\u00edfonos a veces no resulta asequible para todas las familias, por eso ofrecemos la posibilidad de financiaci\u00f3n, y seg\u00fan los plazos de pago puede resultar sin intereses o gastos a\u00f1adidos.<\/p>\n<\/div><\/div><\/div><\/div><\/div><div class=\"wpb_column vc_column_container\"><div class=\"vc_column-inner\"><div class=\"w-vwrapper us_custom_b5be3153 align_none valign_middle\" style=\"--vwrapper-gap:0.5rem\"><h2 class=\"w-text us_custom_49f317a8\"><span class=\"w-text-h\"><span class=\"w-text-value\">Reprogramaci\u00f3n y actualizaci\u00f3n<\/span><\/span><\/h2><div class=\"wpb_text_column\"><div class=\"wpb_wrapper\"><p>Hacemos los reajustes de tus aud\u00edfonos para que disfrutes de una audici\u00f3n lo m\u00e1s natural posible en todo momento.<\/p>\n<\/div><\/div><\/div><div class=\"w-separator size_small\"><\/div><div class=\"w-vwrapper us_custom_b5be3153 align_none valign_middle\" style=\"--vwrapper-gap:0.5rem\"><h2 class=\"w-text us_custom_49f317a8\"><span class=\"w-text-h\"><span class=\"w-text-value\">Reajuste de la adaptaci\u00f3n<\/span><\/span><\/h2><div class=\"wpb_text_column\"><div class=\"wpb_wrapper\"><p>Tenemos el software de adaptaci\u00f3n de las cinco grandes primeras marcas (Phonak, Oticon, Signia, ReSound, Widex y Starkey) y de las sedas filiales (Interton, Phillips, Audio Service, Beltone, Siemens, Rexton, Hansaton, Unitron, MicroTech, etc)<\/p>\n<p>As\u00ed que aunque no hayas adquirido los aud\u00edfonos en Smart So los podemos reajustar y reprogramar.<\/p>\n<\/div><\/div><\/div><div class=\"w-separator size_small\"><\/div><div class=\"w-vwrapper us_custom_b5be3153 align_none valign_middle\" style=\"--vwrapper-gap:0.5rem\"><h2 class=\"w-text us_custom_49f317a8\"><span class=\"w-text-h\"><span class=\"w-text-value\">Con garant\u00eda<\/span><\/span><\/h2><div class=\"wpb_text_column\"><div class=\"wpb_wrapper\"><p>Los aud\u00edfonos tienen los 3 a\u00f1os de garant\u00eda que nos ofrece el fabricante, pero si lo deseas puedes ampliar la garant\u00eda a 5 a\u00f1os para disfrutar con tranquilidad y sin preocupaciones durante m\u00e1s tiempo.<\/p>\n<\/div><\/div><\/div><div class=\"w-separator size_small\"><\/div><div class=\"w-vwrapper us_custom_b5be3153 align_none valign_middle\" style=\"--vwrapper-gap:0.5rem\"><h2 class=\"w-text us_custom_49f317a8\"><span class=\"w-text-h\"><span class=\"w-text-value\">Ayudas sociales<\/span><\/span><\/h2><div class=\"wpb_text_column\"><div class=\"wpb_wrapper\"><p>En caso de tener un renta baja, tenemos un convenio con un fabricante que nos ofrece sus productos al 50% de su coste y nos permite ayudar a las personas que lo necesitan. P\u00eddenos informaci\u00f3n.<\/p>\n<\/div><\/div><\/div><\/div><\/div><\/div><\/div><\/section><section class=\"l-section wpb_row us_custom_5da74c40 height_custom\"><div class=\"l-section-h i-cf\"><div class=\"g-cols vc_row via_grid cols_1 laptops-cols_inherit tablets-cols_inherit mobiles-cols_1 valign_top type_default stacking_default\"><div class=\"wpb_column vc_column_container\"><div class=\"vc_column-inner\"><div class=\"w-separator size_medium with_line width_50 thick_2 style_solid color_border align_center\"><div class=\"w-separator-h\"><\/div><\/div><div class=\"w-separator size_medium\"><\/div><div class=\"g-cols wpb_row via_grid cols_1-4-1 laptops-cols_inherit tablets-cols_inherit mobiles-cols_1 valign_top type_default stacking_default\" style=\"--columns-gap:3rem;\"><div class=\"wpb_column vc_column_container\"><div class=\"vc_column-inner\"><\/div><\/div><div class=\"wpb_column vc_column_container\"><div class=\"vc_column-inner\"><div class=\"w-hwrapper valign_middle align_none\" style=\"--hwrapper-gap:2rem\"><div class=\"w-image align_none\"><div class=\"w-image-h\"><img decoding=\"async\" width=\"200\" height=\"87\" src=\"https:\/\/www.smartso.net\/wp-content\/uploads\/2023\/05\/2560px-CatSalut.svg.png\" class=\"attachment-us_200_0 size-us_200_0\" alt=\"Logo cat salut\" loading=\"lazy\" srcset=\"https:\/\/www.smartso.net\/wp-content\/uploads\/2023\/05\/2560px-CatSalut.svg.png 2560w, https:\/\/www.smartso.net\/wp-content\/uploads\/2023\/05\/2560px-CatSalut.svg-300x131.png 300w, https:\/\/www.smartso.net\/wp-content\/uploads\/2023\/05\/2560px-CatSalut.svg-1024x446.png 1024w\" sizes=\"auto, (max-width: 200px) 100vw, 200px\" \/><\/div><\/div><div class=\"wpb_text_column\"><div class=\"wpb_wrapper\"><h6>Tr\u00e1mites por ayudas<\/h6>\n<p>Te informo y te asesoro para tramitar las ayudas de Prestaci\u00f3n Social a personas con discapacidad, que ofrece la Generalitat de Catalunya como son la PUA y el PAO.<\/p>\n<p>Somos un centro colaborador con CatSalut.<\/p>\n<\/div><\/div><\/div><\/div><\/div><div class=\"wpb_column vc_column_container\"><div class=\"vc_column-inner\"><\/div><\/div><\/div><\/div><\/div><\/div><\/div><\/section>\n","protected":false},"excerpt":{"rendered":"Servicios de audiolog\u00eda En Smart So ofrecemos un servicio de audiolog\u00eda integral, personalizado, de m\u00e1xima calidad, que te acompa\u00f1ar\u00e1 en todos los procesos relacionados con la p\u00e9rdida auditiva. Desde la evaluaci\u00f3n inicial hasta la selecci\u00f3n y adaptaci\u00f3n de soluciones auditivas estamos comprometidos a proporcionarte una atenci\u00f3n integral y personalizada. Estoy aqu\u00ed para mejorar tu calidad...","protected":false},"author":1,"featured_media":0,"parent":0,"menu_order":0,"comment_status":"closed","ping_status":"closed","template":"","meta":{"_joinchat":[],"footnotes":""},"class_list":["post-945","page","type-page","status-publish","hentry"],"yoast_head":"<!-- This site is optimized with the Yoast SEO plugin v27.2 - https:\/\/yoast.com\/product\/yoast-seo-wordpress\/ -->\n<title>Servicios de audiolog\u00eda en Caldes de Montbui | Smart So<\/title>\n<meta name=\"description\" content=\"Descubre todo lo que Smart So puede hacer por ti. Un servicio de acompa\u00f1amiento integral, profesional y personalizado.\" \/>\n<meta name=\"robots\" content=\"index, follow, max-snippet:-1, max-image-preview:large, max-video-preview:-1\" \/>\n<link rel=\"canonical\" href=\"https:\/\/www.smartso.net\/serveis\/\" \/>\n<meta property=\"og:locale\" content=\"es_ES\" \/>\n<meta property=\"og:type\" content=\"article\" \/>\n<meta property=\"og:title\" content=\"Servicios de audiolog\u00eda en Caldes de Montbui | Smart So\" \/>\n<meta property=\"og:description\" content=\"Descubre todo lo que Smart So puede hacer por ti. Un servicio de acompa\u00f1amiento integral, profesional y personalizado.\" \/>\n<meta property=\"og:url\" content=\"https:\/\/www.smartso.net\/serveis\/\" \/>\n<meta property=\"og:site_name\" content=\"Smart So\" \/>\n<meta property=\"article:modified_time\" content=\"2023-07-14T10:53:28+00:00\" \/>\n<script type=\"application\/ld+json\" class=\"yoast-schema-graph\">{\"@context\":\"https:\/\/schema.org\",\"@graph\":[{\"@type\":\"WebPage\",\"@id\":\"https:\/\/www.smartso.net\/serveis\/\",\"url\":\"https:\/\/www.smartso.net\/serveis\/\",\"name\":\"Servicios de audiolog\u00eda en Caldes de Montbui | Smart So\",\"isPartOf\":{\"@id\":\"https:\/\/www.smartso.net\/#website\"},\"datePublished\":\"2023-06-15T14:55:17+00:00\",\"dateModified\":\"2023-07-14T10:53:28+00:00\",\"description\":\"Descubre todo lo que Smart So puede hacer por ti. Un servicio de acompa\u00f1amiento integral, profesional y personalizado.\",\"breadcrumb\":{\"@id\":\"https:\/\/www.smartso.net\/serveis\/#breadcrumb\"},\"inLanguage\":\"es\",\"potentialAction\":[{\"@type\":\"ReadAction\",\"target\":[\"https:\/\/www.smartso.net\/serveis\/\"]}]},{\"@type\":\"BreadcrumbList\",\"@id\":\"https:\/\/www.smartso.net\/serveis\/#breadcrumb\",\"itemListElement\":[{\"@type\":\"ListItem\",\"position\":1,\"name\":\"Inici\",\"item\":\"https:\/\/www.smartso.net\/es\/\"},{\"@type\":\"ListItem\",\"position\":2,\"name\":\"Servicios de audiolog\u00eda\"}]},{\"@type\":\"WebSite\",\"@id\":\"https:\/\/www.smartso.net\/#website\",\"url\":\"https:\/\/www.smartso.net\/\",\"name\":\"Smart So\",\"description\":\"Centre d&#039;audiologia a Caldes de Montbui\",\"potentialAction\":[{\"@type\":\"SearchAction\",\"target\":{\"@type\":\"EntryPoint\",\"urlTemplate\":\"https:\/\/www.smartso.net\/?s={search_term_string}\"},\"query-input\":{\"@type\":\"PropertyValueSpecification\",\"valueRequired\":true,\"valueName\":\"search_term_string\"}}],\"inLanguage\":\"es\"}]}<\/script>\n<!-- \/ Yoast SEO plugin. -->","yoast_head_json":{"title":"Servicios de audiolog\u00eda en Caldes de Montbui | Smart So","description":"Descubre todo lo que Smart So puede hacer por ti. Un servicio de acompa\u00f1amiento integral, profesional y personalizado.","robots":{"index":"index","follow":"follow","max-snippet":"max-snippet:-1","max-image-preview":"max-image-preview:large","max-video-preview":"max-video-preview:-1"},"canonical":"https:\/\/www.smartso.net\/serveis\/","og_locale":"es_ES","og_type":"article","og_title":"Servicios de audiolog\u00eda en Caldes de Montbui | Smart So","og_description":"Descubre todo lo que Smart So puede hacer por ti. Un servicio de acompa\u00f1amiento integral, profesional y personalizado.","og_url":"https:\/\/www.smartso.net\/serveis\/","og_site_name":"Smart So","article_modified_time":"2023-07-14T10:53:28+00:00","schema":{"@context":"https:\/\/schema.org","@graph":[{"@type":"WebPage","@id":"https:\/\/www.smartso.net\/serveis\/","url":"https:\/\/www.smartso.net\/serveis\/","name":"Servicios de audiolog\u00eda en Caldes de Montbui | Smart So","isPartOf":{"@id":"https:\/\/www.smartso.net\/#website"},"datePublished":"2023-06-15T14:55:17+00:00","dateModified":"2023-07-14T10:53:28+00:00","description":"Descubre todo lo que Smart So puede hacer por ti. Un servicio de acompa\u00f1amiento integral, profesional y personalizado.","breadcrumb":{"@id":"https:\/\/www.smartso.net\/serveis\/#breadcrumb"},"inLanguage":"es","potentialAction":[{"@type":"ReadAction","target":["https:\/\/www.smartso.net\/serveis\/"]}]},{"@type":"BreadcrumbList","@id":"https:\/\/www.smartso.net\/serveis\/#breadcrumb","itemListElement":[{"@type":"ListItem","position":1,"name":"Inici","item":"https:\/\/www.smartso.net\/es\/"},{"@type":"ListItem","position":2,"name":"Servicios de audiolog\u00eda"}]},{"@type":"WebSite","@id":"https:\/\/www.smartso.net\/#website","url":"https:\/\/www.smartso.net\/","name":"Smart So","description":"Centre d&#039;audiologia a Caldes de Montbui","potentialAction":[{"@type":"SearchAction","target":{"@type":"EntryPoint","urlTemplate":"https:\/\/www.smartso.net\/?s={search_term_string}"},"query-input":{"@type":"PropertyValueSpecification","valueRequired":true,"valueName":"search_term_string"}}],"inLanguage":"es"}]}},"_links":{"self":[{"href":"https:\/\/www.smartso.net\/es\/wp-json\/wp\/v2\/pages\/945","targetHints":{"allow":["GET"]}}],"collection":[{"href":"https:\/\/www.smartso.net\/es\/wp-json\/wp\/v2\/pages"}],"about":[{"href":"https:\/\/www.smartso.net\/es\/wp-json\/wp\/v2\/types\/page"}],"author":[{"embeddable":true,"href":"https:\/\/www.smartso.net\/es\/wp-json\/wp\/v2\/users\/1"}],"replies":[{"embeddable":true,"href":"https:\/\/www.smartso.net\/es\/wp-json\/wp\/v2\/comments?post=945"}],"version-history":[{"count":5,"href":"https:\/\/www.smartso.net\/es\/wp-json\/wp\/v2\/pages\/945\/revisions"}],"predecessor-version":[{"id":1007,"href":"https:\/\/www.smartso.net\/es\/wp-json\/wp\/v2\/pages\/945\/revisions\/1007"}],"wp:attachment":[{"href":"https:\/\/www.smartso.net\/es\/wp-json\/wp\/v2\/media?parent=945"}],"curies":[{"name":"wp","href":"https:\/\/api.w.org\/{rel}","templated":true}]}}